{"id":9,"date":"2015-01-18T00:20:49","date_gmt":"2015-01-18T00:20:49","guid":{"rendered":"http:\/\/www.astoll.es\/?page_id=9"},"modified":"2026-01-10T21:46:00","modified_gmt":"2026-01-10T20:46:00","slug":"colaboradores","status":"publish","type":"page","link":"https:\/\/www.astoll.es\/?page_id=9","title":{"rendered":"Colaboradores"},"content":{"rendered":"<h3 style=\"text-align: center;\"><span style=\"color: #000080;\"><b>Empresas, Entidades y Organismos Oficiales\u00a0<\/b><b>colaboradores de ASTOLL<\/b><\/span><\/h3>\n<div style=\"text-align: center;\"><strong><a href=\"http:\/\/www.llerena.org\/\" target=\"_blank\" rel=\"noopener noreferrer\">Excelent\u00edsimo Ayuntamiento de Llerena<\/a><\/strong><br \/>\n<a href=\"https:\/\/www.campitur.com\/guia\/llerena\/imprenta-grandizo\/ficha\/\" target=\"_blank\" rel=\"noopener noreferrer\"><strong> Imprenta y Papeler\u00eda Casa Grandizo<\/strong><\/a><br \/>\n<a href=\"https:\/\/www.guiallerena.es\/empresas\/spar-llerena\" target=\"_blank\" rel=\"noopener noreferrer\"><strong>SPAR Llerena<\/strong><\/a><\/div>\n<div style=\"text-align: center;\"><a href=\"https:\/\/www.guiallerena.es\/empresas\/bodegas-cortes\" target=\"_blank\" rel=\"noopener noreferrer\"><strong>Bodegas Cort\u00e9s<\/strong><\/a><\/div>\n<div><\/div>\n<div><a href=\"http:\/\/www.astoll.es\/wp-content\/uploads\/2020\/01\/Colaboradores_2020.jpg\"><img loading=\"lazy\" decoding=\"async\" class=\"aligncenter wp-image-2803\" src=\"http:\/\/www.astoll.es\/wp-content\/uploads\/2020\/01\/Colaboradores_2020.jpg\" alt=\"\" width=\"508\" height=\"254\" srcset=\"https:\/\/www.astoll.es\/wp-content\/uploads\/2020\/01\/Colaboradores_2020.jpg 332w, https:\/\/www.astoll.es\/wp-content\/uploads\/2020\/01\/Colaboradores_2020-300x150.jpg 300w\" sizes=\"auto, (max-width: 508px) 100vw, 508px\" \/><\/a><\/div>\n<div><\/div>\n","protected":false},"excerpt":{"rendered":"<p>Empresas, Entidades y Organismos Oficiales\u00a0colaboradores de ASTOLL Excelent\u00edsimo Ayuntamiento de Llerena Imprenta y Papeler\u00eda Casa Grandizo SPAR Llerena Bodegas Cort\u00e9s<\/p>\n","protected":false},"author":1,"featured_media":0,"parent":0,"menu_order":0,"comment_status":"open","ping_status":"open","template":"","meta":{"footnotes":""},"class_list":["post-9","page","type-page","status-publish","hentry","post"],"_links":{"self":[{"href":"https:\/\/www.astoll.es\/index.php?rest_route=\/wp\/v2\/pages\/9","targetHints":{"allow":["GET"]}}],"collection":[{"href":"https:\/\/www.astoll.es\/index.php?rest_route=\/wp\/v2\/pages"}],"about":[{"href":"https:\/\/www.astoll.es\/index.php?rest_route=\/wp\/v2\/types\/page"}],"author":[{"embeddable":true,"href":"https:\/\/www.astoll.es\/index.php?rest_route=\/wp\/v2\/users\/1"}],"replies":[{"embeddable":true,"href":"https:\/\/www.astoll.es\/index.php?rest_route=%2Fwp%2Fv2%2Fcomments&post=9"}],"version-history":[{"count":16,"href":"https:\/\/www.astoll.es\/index.php?rest_route=\/wp\/v2\/pages\/9\/revisions"}],"predecessor-version":[{"id":4518,"href":"https:\/\/www.astoll.es\/index.php?rest_route=\/wp\/v2\/pages\/9\/revisions\/4518"}],"wp:attachment":[{"href":"https:\/\/www.astoll.es\/index.php?rest_route=%2Fwp%2Fv2%2Fmedia&parent=9"}],"curies":[{"name":"wp","href":"https:\/\/api.w.org\/{rel}","templated":true}]}}