{"id":72,"date":"2015-01-20T18:45:12","date_gmt":"2015-01-20T18:45:12","guid":{"rendered":"http:\/\/www.astoll.es\/?page_id=72"},"modified":"2020-10-27T19:01:17","modified_gmt":"2020-10-27T19:01:17","slug":"presentacion","status":"publish","type":"page","link":"https:\/\/www.astoll.es\/?page_id=72","title":{"rendered":"Presentaci\u00f3n"},"content":{"rendered":"<div class=\"feature\">\n<p style=\"text-align: justify;\">La <strong>Asociaci\u00f3n de Senderismo Tomillo y Or\u00e9gano de Llerena<\/strong> es una entidad sin \u00e1nimo de lucro cuyo principal objetivo es practicar y fomentar la pr\u00e1ctica del senderismo, promocionando de esta forma el disfrute del medio natural de una manera saludable; salvaguardar la <strong>Naturaleza<\/strong> y luchar por la defensa de los \u00ab<em><strong>Caminos P\u00fablicos<\/strong><\/em>\u00bb que son patrimonio de TODOS.<\/p>\n<p style=\"text-align: justify;\">La idea de su creaci\u00f3n surgi\u00f3 de un grupo de amigos que, all\u00e1 por <strong>1999,<\/strong> decidieron que su afici\u00f3n dominguera y espor\u00e1dica deb\u00eda canalizarse de manera organizada y as\u00ed compartir con otros aficionados nuestras caminatas. El resultado para nosotros fue gratamente satisfactorio ya que, en poco tiempo, vimos como nuestra Asociaci\u00f3n crec\u00eda hasta los sesenta y cinco <em>caminantes<\/em> (en la actualidad somos m\u00e1s de 260 socios). A partir de entonces comenzamos a dise\u00f1ar y publicar un calendario anual de rutas, intentando que estas fueran variadas tanto en el tipo de itinerario como el los desplazamientos, procurando que, al menos tres veces al a\u00f1o, las salidas fuesen de fin de semana.<\/p>\n<p style=\"text-align: justify;\">En estos momentos podemos sentirnos orgullosos de que lo que empez\u00f3 s\u00f3lamente como una afici\u00f3n a caminar se haya convertido en un instrumento para fomentar la amistad y las relaciones entre personas que de otra manera no hubieran surgido.<\/p>\n<p style=\"text-align: justify;\">Actualmente la participaci\u00f3n en nuestras actividades est\u00e1 abierta a cualquiera que tenga ganas de pasar un rato agradable, <strong>sea o no sea asociado<\/strong>.<\/p>\n<\/div>\n","protected":false},"excerpt":{"rendered":"<p>La Asociaci\u00f3n de Senderismo Tomillo y Or\u00e9gano de Llerena es una entidad sin \u00e1nimo de lucro cuyo principal objetivo es practicar y fomentar la pr\u00e1ctica del senderismo, promocionando de esta forma el disfrute del medio natural de una manera saludable; salvaguardar la Naturaleza y luchar por la defensa de los \u00abCaminos P\u00fablicos\u00bb que son patrimonio [&hellip;]<\/p>\n","protected":false},"author":1,"featured_media":0,"parent":0,"menu_order":0,"comment_status":"open","ping_status":"open","template":"","meta":{"footnotes":""},"class_list":["post-72","page","type-page","status-publish","hentry","post"],"_links":{"self":[{"href":"https:\/\/www.astoll.es\/index.php?rest_route=\/wp\/v2\/pages\/72","targetHints":{"allow":["GET"]}}],"collection":[{"href":"https:\/\/www.astoll.es\/index.php?rest_route=\/wp\/v2\/pages"}],"about":[{"href":"https:\/\/www.astoll.es\/index.php?rest_route=\/wp\/v2\/types\/page"}],"author":[{"embeddable":true,"href":"https:\/\/www.astoll.es\/index.php?rest_route=\/wp\/v2\/users\/1"}],"replies":[{"embeddable":true,"href":"https:\/\/www.astoll.es\/index.php?rest_route=%2Fwp%2Fv2%2Fcomments&post=72"}],"version-history":[{"count":3,"href":"https:\/\/www.astoll.es\/index.php?rest_route=\/wp\/v2\/pages\/72\/revisions"}],"predecessor-version":[{"id":3005,"href":"https:\/\/www.astoll.es\/index.php?rest_route=\/wp\/v2\/pages\/72\/revisions\/3005"}],"wp:attachment":[{"href":"https:\/\/www.astoll.es\/index.php?rest_route=%2Fwp%2Fv2%2Fmedia&parent=72"}],"curies":[{"name":"wp","href":"https:\/\/api.w.org\/{rel}","templated":true}]}}