{"id":480,"date":"2015-04-01T19:07:59","date_gmt":"2015-04-01T19:07:59","guid":{"rendered":"http:\/\/www.astoll.es\/?page_id=480"},"modified":"2022-04-15T16:46:29","modified_gmt":"2022-04-15T16:46:29","slug":"la-leyenda-del-rey-jayon","status":"publish","type":"page","link":"https:\/\/www.astoll.es\/?page_id=480","title":{"rendered":"La Leyenda del Rey Jay\u00f3n"},"content":{"rendered":"<p style=\"text-align: justify;\">La<strong> leyenda del Rey Jay\u00f3n<\/strong>, tiene que ver con este rey moro y con la aparici\u00f3n de la<strong> Virgen del Ara<\/strong>, y seg\u00fan cuentan&#8230;<\/p>\n<p style=\"text-align: justify;\"><span style=\"color: #008000;\"><em>\u00abHabitaban en esta zona la Princesa Erminda y su padre, el rey moro Jay\u00f3n, que era ciego.<\/em><\/span><\/p>\n<p style=\"text-align: justify;\"><span style=\"color: #008000;\"><em>Bien pudiera ser que estos personajes de la historia, fueran reyezuelos Taifas, es decir, los peque\u00f1os reyes que en el \u00faltimo periodo de la denominaci\u00f3n musulmana habitaban en la pen\u00ednsula.<\/em><\/span><\/p>\n<p style=\"text-align: justify;\"><span style=\"color: #008000;\"><em>Bueno, pues un buen d\u00eda la Princesa se encontraba jugando junto a una fuente y se le apareci\u00f3 la Virgen Mar\u00eda, en forma de una joven doncella, sobre la copa de una encina. Esta aparici\u00f3n se hizo m\u00e1s frecuente, hasta que un d\u00eda vio brillar sobre la cabeza de la jovencita una aureola destellante.<\/em><\/span><\/p>\n<p style=\"text-align: justify;\"><span style=\"color: #008000;\"><em>Erminda le pregunt\u00f3:<\/em><\/span><\/p>\n<p style=\"text-align: justify;\"><span style=\"color: #008000;\"><em>&#8211; \u00bfQui\u00e9n eres?<\/em><\/span><br \/>\n<span style=\"color: #008000;\"><em>&#8211; La Virgen Mar\u00eda, -le contest\u00f3 la jovencita-.<\/em><\/span><br \/>\n<span style=\"color: #008000;\"><em>&#8211; Pues entonces, si eres la Virgen. \u00bfPor qu\u00e9 no le devuelves la vista a mi padre?.<\/em><\/span><br \/>\n<span style=\"color: #008000;\"><em>&#8211; Lo har\u00e9, pero cuando os convirt\u00e1is al cristianismo.<\/em><\/span><\/p>\n<p style=\"text-align: justify;\"><span style=\"color: #008000;\"><em>Al convertirse Erminda y Jay\u00f3n, \u00e9ste recobr\u00f3 la vista, y entonces comenz\u00f3 a levantarse una capilla en su honor en un lugar muy cercano, donde hoy figura una cruz de hierro; pero lo que constru\u00edan durante el d\u00eda, por la noche se derrumbaba. As\u00ed, el rey empez\u00f3 a tener miedo y trat\u00f3 de huir del lugar, pero al intentar atravesar la Ribera del Ara, el agua se lo impidi\u00f3.<\/em><\/span><\/p>\n<p style=\"text-align: justify;\"><span style=\"color: #008000;\"><em>Habl\u00f3 con la Virgen y \u00c9sta le dijo que la ermita que estaba construyendo se le derrumbaba porque no la hacia en el lugar que Ella deseaba. Es decir, en la encina donde se aparec\u00eda. As\u00ed pues, se levant\u00f3 la ermita en el lugar en el que hoy existe, y se dice que la encina se cortaba y volv\u00eda a reto\u00f1ecer.<\/em><\/span><\/p>\n<p style=\"text-align: justify;\"><span style=\"color: #008000;\"><em>La construcci\u00f3n de la ermita la realizaron todos los moros convertidos y uno que abandon\u00f3 renegando su fe cristiana, los dem\u00e1s lo castigaron y lo pusieron preso de corma (especie de cepo formado por dos tablas que lo pon\u00edan en los pies para que no pudiera moverse) y cadenas; despu\u00e9s se ver\u00eda libre de este castigo por mediaci\u00f3n de la Virgen\u00bb.<\/em><\/span><\/p>\n","protected":false},"excerpt":{"rendered":"<p>La leyenda del Rey Jay\u00f3n, tiene que ver con este rey moro y con la aparici\u00f3n de la Virgen del Ara, y seg\u00fan cuentan&#8230; \u00abHabitaban en esta zona la Princesa Erminda y su padre, el rey moro Jay\u00f3n, que era ciego. Bien pudiera ser que estos personajes de la historia, fueran reyezuelos Taifas, es decir, [&hellip;]<\/p>\n","protected":false},"author":1,"featured_media":0,"parent":0,"menu_order":0,"comment_status":"open","ping_status":"open","template":"","meta":{"footnotes":""},"class_list":["post-480","page","type-page","status-publish","hentry","post"],"_links":{"self":[{"href":"https:\/\/www.astoll.es\/index.php?rest_route=\/wp\/v2\/pages\/480","targetHints":{"allow":["GET"]}}],"collection":[{"href":"https:\/\/www.astoll.es\/index.php?rest_route=\/wp\/v2\/pages"}],"about":[{"href":"https:\/\/www.astoll.es\/index.php?rest_route=\/wp\/v2\/types\/page"}],"author":[{"embeddable":true,"href":"https:\/\/www.astoll.es\/index.php?rest_route=\/wp\/v2\/users\/1"}],"replies":[{"embeddable":true,"href":"https:\/\/www.astoll.es\/index.php?rest_route=%2Fwp%2Fv2%2Fcomments&post=480"}],"version-history":[{"count":3,"href":"https:\/\/www.astoll.es\/index.php?rest_route=\/wp\/v2\/pages\/480\/revisions"}],"predecessor-version":[{"id":3355,"href":"https:\/\/www.astoll.es\/index.php?rest_route=\/wp\/v2\/pages\/480\/revisions\/3355"}],"wp:attachment":[{"href":"https:\/\/www.astoll.es\/index.php?rest_route=%2Fwp%2Fv2%2Fmedia&parent=480"}],"curies":[{"name":"wp","href":"https:\/\/api.w.org\/{rel}","templated":true}]}}