{"id":467,"date":"2015-04-01T18:23:38","date_gmt":"2015-04-01T18:23:38","guid":{"rendered":"http:\/\/www.astoll.es\/?page_id=467"},"modified":"2015-04-02T19:26:30","modified_gmt":"2015-04-02T19:26:30","slug":"llerena","status":"publish","type":"page","link":"https:\/\/www.astoll.es\/?page_id=467","title":{"rendered":"Llerena"},"content":{"rendered":"<p lang=\"es-ES\" align=\"JUSTIFY\"><span style=\"font-family: Nimbus Roman No9 L,serif;\"><span style=\"font-size: medium;\"><b>Llerena<\/b> es una ciudad muy rica en historia con un notable y destacado patrimonio hist\u00f3rico art\u00edstico testigo de las diferentes \u00e9pocas hist\u00f3ricas que han dejado huella en esta ciudad.<\/span><\/span><\/p>\n<p lang=\"es-ES\" align=\"JUSTIFY\"><a href=\"http:\/\/www.astoll.es\/wp-content\/uploads\/2015\/04\/Vistas-de-Llerena.jpg\"><img loading=\"lazy\" decoding=\"async\" class=\"aligncenter  wp-image-499\" src=\"http:\/\/www.astoll.es\/wp-content\/uploads\/2015\/04\/Vistas-de-Llerena.jpg\" alt=\"Vistas de Llerena\" width=\"659\" height=\"248\" srcset=\"https:\/\/www.astoll.es\/wp-content\/uploads\/2015\/04\/Vistas-de-Llerena.jpg 792w, https:\/\/www.astoll.es\/wp-content\/uploads\/2015\/04\/Vistas-de-Llerena-300x113.jpg 300w\" sizes=\"auto, (max-width: 659px) 100vw, 659px\" \/><\/a><\/p>\n<p lang=\"es-ES\" align=\"JUSTIFY\"><span style=\"font-family: Nimbus Roman No9 L,serif;\"><span style=\"font-size: medium;\">En su casco hist\u00f3rico se concentra un importante patrimonio arquitect\u00f3nico:<\/span><\/span><\/p>\n<p lang=\"es-ES\" align=\"JUSTIFY\"><span style=\"font-family: Nimbus Roman No9 L,serif;\"><span style=\"font-size: medium;\"><a href=\"http:\/\/www.astoll.es\/wp-content\/uploads\/2015\/04\/Torre-de-la-Iglesia-de-la-Granada.png\"><img loading=\"lazy\" decoding=\"async\" class=\"  wp-image-498 alignleft\" src=\"http:\/\/www.astoll.es\/wp-content\/uploads\/2015\/04\/Torre-de-la-Iglesia-de-la-Granada.png\" alt=\"Torre de la Iglesia de la Granada\" width=\"346\" height=\"241\" srcset=\"https:\/\/www.astoll.es\/wp-content\/uploads\/2015\/04\/Torre-de-la-Iglesia-de-la-Granada.png 573w, https:\/\/www.astoll.es\/wp-content\/uploads\/2015\/04\/Torre-de-la-Iglesia-de-la-Granada-300x209.png 300w\" sizes=\"auto, (max-width: 346px) 100vw, 346px\" \/><\/a>Entre sus monumentos m\u00e1s sobresalientes se encuentra la <b>Plaza Mayor<\/b>, porticada con arcos de estilo mud\u00e9jar, donde se localiza la <b>fuente<\/b> dise\u00f1ada por <b>Francisco de Zurbar\u00e1n<\/b> en 1618 y la <b>Iglesia Mayor de Ntra. Sra. de la Granada, <\/b>construcci\u00f3n con diversos estilos art\u00edsticos, desde el s. XIV al s. XVIII pudiendo admirar en su interior muestras de escultura, orfebrer\u00eda y pintura del g\u00f3tico, del renacimiento y del barroco, entre las que destaca el cuadro \u201c<i>Cristo muerto en la Cruz<\/i>\u201d de <b>Francisco de Zurbar\u00e1n<\/b>, as\u00ed como su majestuosa <b>torre,<\/b> construcci\u00f3n m\u00e1s emblem\u00e1tica de la ciudad.<\/span><\/span><\/p>\n<p align=\"JUSTIFY\"><span style=\"font-family: Nimbus Roman No9 L,serif;\"><span style=\"font-size: medium;\"><span lang=\"es-ES\"><b>&#8211; Iglesia de Santiago <\/b><\/span><span lang=\"es-ES\">es una edificaci\u00f3n g\u00f3tico-renacentista fundada por el \u00faltimo <\/span><span lang=\"es-ES\"><i>Gran Maestre de la <\/i><\/span><span lang=\"es-ES\"><i>Orden de Santiago<\/i><\/span><span lang=\"es-ES\"> D. Alonso de C\u00e1rdenas, pudi\u00e9ndose admirar en su interior el sepulcro de sus fundadores de estilo g\u00f3tico internacional.<\/span><\/span><\/span><\/p>\n<p align=\"JUSTIFY\"><span style=\"font-family: Nimbus Roman No9 L,serif;\"><span style=\"font-size: medium;\"><span lang=\"es-ES\"><b>&#8211; Complejo Cultural de la Merced, <\/b><\/span><span lang=\"es-ES\">compuesto por el <\/span><span lang=\"es-ES\"><b>convento e iglesia de la Merced<\/b><\/span><span lang=\"es-ES\">, edificio jesu\u00edtico de estilo barroco y la antigua <\/span><span lang=\"es-ES\"><b>Casa Palacio de Recaudaci\u00f3n de Impuestos de la Mesa Maestral<\/b><\/span><span lang=\"es-ES\">, edificio mud\u00e9jar del s. XVI.<\/span><\/span><\/span><\/p>\n<p align=\"JUSTIFY\"><a href=\"http:\/\/www.astoll.es\/wp-content\/uploads\/2015\/04\/Santiago-y-la-Merced.png\"><img loading=\"lazy\" decoding=\"async\" class=\"aligncenter  wp-image-497\" src=\"http:\/\/www.astoll.es\/wp-content\/uploads\/2015\/04\/Santiago-y-la-Merced-1024x335.png\" alt=\"Santiago y la Merced\" width=\"743\" height=\"243\" srcset=\"https:\/\/www.astoll.es\/wp-content\/uploads\/2015\/04\/Santiago-y-la-Merced-1024x335.png 1024w, https:\/\/www.astoll.es\/wp-content\/uploads\/2015\/04\/Santiago-y-la-Merced-300x98.png 300w, https:\/\/www.astoll.es\/wp-content\/uploads\/2015\/04\/Santiago-y-la-Merced-900x294.png 900w, https:\/\/www.astoll.es\/wp-content\/uploads\/2015\/04\/Santiago-y-la-Merced.png 1212w\" sizes=\"auto, (max-width: 743px) 100vw, 743px\" \/><\/a><\/p>\n<p align=\"JUSTIFY\"><span style=\"font-family: Nimbus Roman No9 L,serif;\"><span style=\"font-size: medium;\"><span lang=\"es-ES\"><b>&#8211; Iglesia y Convento de Santa Clara,<\/b><\/span><span lang=\"es-ES\"> del siglo XVI, atesora un interesante conjunto de pinturas murales, y en el convento destaca su claustro porticado.<\/span><\/span><\/span><\/p>\n<p align=\"JUSTIFY\"><span style=\"font-family: Nimbus Roman No9 L,serif;\"><span style=\"font-size: medium;\"><span lang=\"es-ES\"><b>&#8211; Iglesia de la Concepci\u00f3n, <\/b><\/span><span lang=\"es-ES\">construida en el s. XVI y reedificada en el s. XVIII; destacan de la f\u00e1brica original, de estilo renacentista, su portada, su coro y el p\u00falpito.<\/span><\/span><\/span><\/p>\n<p align=\"JUSTIFY\"><span style=\"font-family: Nimbus Roman No9 L,serif;\"><span style=\"font-size: medium;\"><span lang=\"es-ES\"><b>&#8211; Iglesia y Hospital de San Juan de Dios,<\/b><\/span><span lang=\"es-ES\"> ambas edificaciones del s. XVII de estilo barroco; actualmente en lo que fuera la capilla del mencionado hospital se localiza la Biblioteca Municipal \u201c<\/span><span lang=\"es-ES\"><i>Arturo Gazul<\/i><\/span><span lang=\"es-ES\">\u201d.<\/span><\/span><\/span><\/p>\n<p lang=\"es-ES\" align=\"JUSTIFY\"><a href=\"http:\/\/www.astoll.es\/wp-content\/uploads\/2015\/04\/San-Juan-de-dios-y-convento-de-Santa-Clara.jpg\"><img loading=\"lazy\" decoding=\"async\" class=\"aligncenter  wp-image-496\" src=\"http:\/\/www.astoll.es\/wp-content\/uploads\/2015\/04\/San-Juan-de-dios-y-convento-de-Santa-Clara.jpg\" alt=\"San Juan de dios y convento de Santa Clara\" width=\"447\" height=\"298\" srcset=\"https:\/\/www.astoll.es\/wp-content\/uploads\/2015\/04\/San-Juan-de-dios-y-convento-de-Santa-Clara.jpg 600w, https:\/\/www.astoll.es\/wp-content\/uploads\/2015\/04\/San-Juan-de-dios-y-convento-de-Santa-Clara-300x200.jpg 300w\" sizes=\"auto, (max-width: 447px) 100vw, 447px\" \/><\/a><\/p>\n<p lang=\"es-ES\" align=\"JUSTIFY\"><span style=\"font-family: Nimbus Roman No9 L,serif;\"><span style=\"font-size: medium;\">&#8211; Entre los edificios palaciegos destacan el <b>Palacio de los Zapata<\/b>, del s. XVI, con un patio mud\u00e9jar en su interior; el <b>Palacio Maestral,<\/b> del s. XVI, residencia de los <i>Maestres de la Orden de Santiago<\/i>; el <b>Palacio Prioral<\/b>, residencia del prior de <b>San Marcos de Le\u00f3n <\/b>del s. XV; el <b>Palacio Consistorial<\/b>, del s. XVIII, y la <b>Casa Palacio de Do\u00f1a Mariana, <\/b>del s. XIX.<\/span><\/span><\/p>\n<p lang=\"es-ES\" align=\"JUSTIFY\"><a href=\"http:\/\/www.astoll.es\/wp-content\/uploads\/2015\/04\/Puerta-Montemolin-y-Palacio-Zapata.png\"><img loading=\"lazy\" decoding=\"async\" class=\"aligncenter  wp-image-495\" src=\"http:\/\/www.astoll.es\/wp-content\/uploads\/2015\/04\/Puerta-Montemolin-y-Palacio-Zapata.png\" alt=\"Puerta Montemolin y Palacio Zapata\" width=\"732\" height=\"244\" srcset=\"https:\/\/www.astoll.es\/wp-content\/uploads\/2015\/04\/Puerta-Montemolin-y-Palacio-Zapata.png 900w, https:\/\/www.astoll.es\/wp-content\/uploads\/2015\/04\/Puerta-Montemolin-y-Palacio-Zapata-300x100.png 300w\" sizes=\"auto, (max-width: 732px) 100vw, 732px\" \/><\/a><\/p>\n<p lang=\"es-ES\" align=\"JUSTIFY\"><span style=\"font-family: Nimbus Roman No9 L,serif;\"><span style=\"font-size: medium;\">&#8211; Del <b>recinto amurallado <\/b>son numerosos los lienzos de muralla conservados as\u00ed como tres de sus cuatro puertas monumentales, de las cuales cabe destacar la <b>Puerta de Montemol\u00edn.<\/b><\/span><\/span><\/p>\n<p lang=\"es-ES\" align=\"JUSTIFY\"><span style=\"font-family: Nimbus Roman No9 L,serif;\"><span style=\"font-size: medium;\">&#8211; Repartidas por el casco hist\u00f3rico de la ciudad se localizan numerosas construcciones restauradas de estilo mud\u00e9jar, as\u00ed como edificaciones barrocas.<\/span><\/span><\/p>\n<p lang=\"es-ES\" align=\"JUSTIFY\"><a href=\"http:\/\/www.astoll.es\/wp-content\/uploads\/2015\/04\/La-Granada-y-Santiago.jpg\"><img loading=\"lazy\" decoding=\"async\" class=\"aligncenter  wp-image-494\" src=\"http:\/\/www.astoll.es\/wp-content\/uploads\/2015\/04\/La-Granada-y-Santiago.jpg\" alt=\"La Granada y Santiago\" width=\"477\" height=\"318\" srcset=\"https:\/\/www.astoll.es\/wp-content\/uploads\/2015\/04\/La-Granada-y-Santiago.jpg 600w, https:\/\/www.astoll.es\/wp-content\/uploads\/2015\/04\/La-Granada-y-Santiago-300x200.jpg 300w\" sizes=\"auto, (max-width: 477px) 100vw, 477px\" \/><\/a><\/p>\n<p lang=\"es-ES\" align=\"JUSTIFY\"><span style=\"font-family: Nimbus Roman No9 L,serif;\"><span style=\"font-size: medium;\">En la actualidad la ciudad cuenta con dos museos:<\/span><\/span><\/p>\n<p align=\"JUSTIFY\"><span style=\"font-family: Nimbus Roman No9 L,serif;\"><span style=\"font-size: medium;\"><span lang=\"es-ES\"><b>Museo de Santa Clara, <\/b><\/span><span lang=\"es-ES\">de car\u00e1cter sacro, donde se exhiben numerosas obras de arte y enseres de uso religioso de la clausura del convento entre los que se encuentra la talla de San Jer\u00f3nimo Penitente de Mart\u00ednez Monta\u00f1\u00e9s.<\/span><\/span><\/span><\/p>\n<p align=\"JUSTIFY\"><span style=\"font-family: Nimbus Roman No9 L,serif;\"><span style=\"font-size: medium;\"><span lang=\"es-ES\"><b>Museo Hist\u00f3rico \u201cCiudad de Llerena\u201d, <\/b><\/span><span lang=\"es-ES\">localizado en el <\/span><span lang=\"es-ES\"><b>Palacio Prioral <\/b><\/span><span lang=\"es-ES\">en cuyo interior se conservan importantes muestras de pintura mural decorativa de car\u00e1cter civil y religioso del s. XV de estilos mud\u00e9jar y renacentista; una parte del edificio se destina a \u201c<\/span><span lang=\"es-ES\"><i>Exposici\u00f3n Permanente<\/i><\/span><span lang=\"es-ES\">\u201d de obras de artesan\u00eda.<\/span><\/span><\/span><\/p>\n<p style=\"text-align: center;\" align=\"JUSTIFY\"><em>[<span style=\"text-decoration: underline;\"><strong>NOTA<\/strong><\/span>: Todas las fotos que aparecen en esta p\u00e1gina, referentes a Llerena, pertenecen a nuestro compa\u00f1ero de ASTOLL <strong>Juan Sevilla<\/strong>, extraidas de uno de sus \u00e1lbumes de facebook con su consetimiento]<\/em><\/p>\n","protected":false},"excerpt":{"rendered":"<p>Llerena es una ciudad muy rica en historia con un notable y destacado patrimonio hist\u00f3rico art\u00edstico testigo de las diferentes \u00e9pocas hist\u00f3ricas que han dejado huella en esta ciudad. En su casco hist\u00f3rico se concentra un importante patrimonio arquitect\u00f3nico: Entre sus monumentos m\u00e1s sobresalientes se encuentra la Plaza Mayor, porticada con arcos de estilo mud\u00e9jar, [&hellip;]<\/p>\n","protected":false},"author":1,"featured_media":0,"parent":0,"menu_order":0,"comment_status":"open","ping_status":"open","template":"","meta":{"footnotes":""},"class_list":["post-467","page","type-page","status-publish","hentry","post"],"_links":{"self":[{"href":"https:\/\/www.astoll.es\/index.php?rest_route=\/wp\/v2\/pages\/467","targetHints":{"allow":["GET"]}}],"collection":[{"href":"https:\/\/www.astoll.es\/index.php?rest_route=\/wp\/v2\/pages"}],"about":[{"href":"https:\/\/www.astoll.es\/index.php?rest_route=\/wp\/v2\/types\/page"}],"author":[{"embeddable":true,"href":"https:\/\/www.astoll.es\/index.php?rest_route=\/wp\/v2\/users\/1"}],"replies":[{"embeddable":true,"href":"https:\/\/www.astoll.es\/index.php?rest_route=%2Fwp%2Fv2%2Fcomments&post=467"}],"version-history":[{"count":3,"href":"https:\/\/www.astoll.es\/index.php?rest_route=\/wp\/v2\/pages\/467\/revisions"}],"predecessor-version":[{"id":501,"href":"https:\/\/www.astoll.es\/index.php?rest_route=\/wp\/v2\/pages\/467\/revisions\/501"}],"wp:attachment":[{"href":"https:\/\/www.astoll.es\/index.php?rest_route=%2Fwp%2Fv2%2Fmedia&parent=467"}],"curies":[{"name":"wp","href":"https:\/\/api.w.org\/{rel}","templated":true}]}}