{"id":461,"date":"2015-04-01T18:24:23","date_gmt":"2015-04-01T18:24:23","guid":{"rendered":"http:\/\/www.astoll.es\/?page_id=461"},"modified":"2015-04-01T18:49:18","modified_gmt":"2015-04-01T18:49:18","slug":"casas-de-reina","status":"publish","type":"page","link":"https:\/\/www.astoll.es\/?page_id=461","title":{"rendered":"Casas de Reina"},"content":{"rendered":"<p align=\"JUSTIFY\"><span style=\"font-size: medium;\">Si hemos estado realizando la visita a la ciudad romana de <b>Regina, <\/b>cuando salgamos de ella y nos dirijamos a <b>Casas de Reina<\/b>, nos encontraremos en su entrada con el <i><b>Centro de Interpretaci\u00f3n<\/b><\/i>, germen del cercano <b>Museo de la Ciudad.<\/b> Merece la visita para podernos recrear con algunas muestras del trabajo que realizaron los romanos y con el que alcanzaron cotas a\u00fan hoy no igualadas. <\/span><\/p>\n<p align=\"JUSTIFY\"><span style=\"font-size: medium;\"><b>Casas de Reina<\/b> es un ejemplo t\u00edpico de la arquitectura medieval, con la mayor\u00eda de las calles confluyendo en la <i>Plaza de Espa\u00f1a,<\/i> junto a la impresionante iglesia que la preside, <span lang=\"es-ES\">de estilo g\u00f3tico-mud\u00e9jar (s.XV) y advocada al Ap\u00f3stol Santiago, <\/span><span lang=\"es-ES\">y <\/span><span lang=\"es-ES\">dotada con una espl\u00e9ndida torre fachada con el cuerpo inferior de mamposter\u00eda y el superior de ladrillo aplantillado, pero tambi\u00e9n recoge influencias y transformaciones de siglos posteriores, concretamente de \u00e9poca renacentista sobre todo.<\/span><\/span><\/p>\n<p align=\"JUSTIFY\"><a href=\"http:\/\/www.astoll.es\/wp-content\/uploads\/2015\/04\/Casas-de-Reina-iglesia.jpg\"><img loading=\"lazy\" decoding=\"async\" class=\"aligncenter  wp-image-434\" src=\"http:\/\/www.astoll.es\/wp-content\/uploads\/2015\/04\/Casas-de-Reina-iglesia.jpg\" alt=\"Casas de Reina - iglesia\" width=\"406\" height=\"237\" srcset=\"https:\/\/www.astoll.es\/wp-content\/uploads\/2015\/04\/Casas-de-Reina-iglesia.jpg 500w, https:\/\/www.astoll.es\/wp-content\/uploads\/2015\/04\/Casas-de-Reina-iglesia-300x175.jpg 300w\" sizes=\"auto, (max-width: 406px) 100vw, 406px\" \/><\/a><\/p>\n<p align=\"JUSTIFY\"><span style=\"font-size: medium;\">Dentro del recorrido de la <strong><em>ruta del Rey Jay\u00f3n<\/em><\/strong>, en el camino que sube a la <strong>Sierra de San Miguel<\/strong>, se encuentra una \u201c<i>torruca<\/i>\u201d, refugio de agricultores y pastores y ejemplo de arquitectura vern\u00e1cula.<\/span><\/p>\n<p style=\"text-align: center;\" align=\"JUSTIFY\"><a href=\"http:\/\/www.astoll.es\/wp-content\/uploads\/2015\/04\/Casas-de-Reina-y-alcazaba_1.jpg\"><img loading=\"lazy\" decoding=\"async\" class=\"aligncenter  wp-image-435\" src=\"http:\/\/www.astoll.es\/wp-content\/uploads\/2015\/04\/Casas-de-Reina-y-alcazaba_1.jpg\" alt=\"Casas de Reina y alcazaba_1\" width=\"727\" height=\"170\" srcset=\"https:\/\/www.astoll.es\/wp-content\/uploads\/2015\/04\/Casas-de-Reina-y-alcazaba_1.jpg 800w, https:\/\/www.astoll.es\/wp-content\/uploads\/2015\/04\/Casas-de-Reina-y-alcazaba_1-300x70.jpg 300w\" sizes=\"auto, (max-width: 727px) 100vw, 727px\" \/><\/a><em>Diferentes vistas de<strong> Casas de Reina<\/strong>, con el cerro donde se asienta la <strong>alcazaba de Reina<\/strong>, durante el transcurso de la <strong>Ruta del Rey Jay\u00f3n<\/strong>.<\/em><\/p>\n<p align=\"JUSTIFY\"><a href=\"http:\/\/www.astoll.es\/wp-content\/uploads\/2015\/04\/Casas-de-Reina-y-alcazaba_2.jpg\"><img loading=\"lazy\" decoding=\"async\" class=\"aligncenter  wp-image-436\" src=\"http:\/\/www.astoll.es\/wp-content\/uploads\/2015\/04\/Casas-de-Reina-y-alcazaba_2.jpg\" alt=\"Casas de Reina y alcazaba_2\" width=\"732\" height=\"254\" srcset=\"https:\/\/www.astoll.es\/wp-content\/uploads\/2015\/04\/Casas-de-Reina-y-alcazaba_2.jpg 864w, https:\/\/www.astoll.es\/wp-content\/uploads\/2015\/04\/Casas-de-Reina-y-alcazaba_2-300x104.jpg 300w\" sizes=\"auto, (max-width: 732px) 100vw, 732px\" \/><\/a><\/p>\n<p align=\"JUSTIFY\"><span style=\"font-size: medium;\">Si a alguien le quedan fuerzas para seguir caminando hay mas patrimonio que visitar en <b>Casas de Reina,<\/b> el <i><b>Campamento Romano del Pedrosillo<\/b><\/i><b> <\/b>ser\u00eda su nuevo destino. Esta situado en un punto donde se unen los t\u00e9rminos municipales de<b> Llerena, Higuera<\/b> y <b>Casas de Reina<\/b> y ocupa una extensi\u00f3n de mas de 350 Ha. Se trata del \u00fanico campo de batalla que se conserva en el mundo, en perfecto estado de uso, y es f\u00e1cil sentir el miedo que las legiones romanas ten\u00edan a <b>Viriato,<\/b> construido para que \u00e9l no pudiese entrar, pero los romanos tampoco pod\u00edan salir, eran v\u00edctimas de su propio miedo.<\/span><\/p>\n<p style=\"text-align: center;\" align=\"JUSTIFY\"><a href=\"http:\/\/www.astoll.es\/wp-content\/uploads\/2015\/04\/pedrosilloaire2.jpg\"><img loading=\"lazy\" decoding=\"async\" class=\"aligncenter  wp-image-463\" src=\"http:\/\/www.astoll.es\/wp-content\/uploads\/2015\/04\/pedrosilloaire2.jpg\" alt=\"pedrosilloaire2\" width=\"285\" height=\"155\" srcset=\"https:\/\/www.astoll.es\/wp-content\/uploads\/2015\/04\/pedrosilloaire2.jpg 331w, https:\/\/www.astoll.es\/wp-content\/uploads\/2015\/04\/pedrosilloaire2-300x163.jpg 300w\" sizes=\"auto, (max-width: 285px) 100vw, 285px\" \/><\/a><em>Diferentes vistas del <strong>campamento romano del<\/strong> <strong>Pedrosillo<\/strong>.<\/em><\/p>\n<p align=\"JUSTIFY\"><a href=\"http:\/\/www.astoll.es\/wp-content\/uploads\/2015\/04\/Campamento-romano-Pedrosillo2.jpg\"><img loading=\"lazy\" decoding=\"async\" class=\"aligncenter size-full wp-image-464\" src=\"http:\/\/www.astoll.es\/wp-content\/uploads\/2015\/04\/Campamento-romano-Pedrosillo1.jpg\" alt=\"Campamento romano Pedrosillo1\" width=\"270\" height=\"201\" \/><\/a><\/p>\n<p align=\"JUSTIFY\"><a href=\"http:\/\/www.astoll.es\/wp-content\/uploads\/2015\/04\/Campamento-romano-Pedrosillo2.jpg\"><img loading=\"lazy\" decoding=\"async\" class=\"aligncenter size-large wp-image-465\" src=\"http:\/\/www.astoll.es\/wp-content\/uploads\/2015\/04\/Campamento-romano-Pedrosillo2.jpg\" alt=\"Campamento romano Pedrosillo2\" width=\"269\" height=\"201\" \/><\/a><span style=\"font-size: medium;\">Pero <b>Casas de Reina<\/b> podremos encontrarnos m\u00e1s cosas. Sus bares ofrecen una gran variedad de tapas y viandas que tienen como protagonista al cerdo ib\u00e9rico; tambi\u00e9n hay dos industrias artesanales, una dedicada a la elaboraci\u00f3n de productos de cerdo ib\u00e9rico, &#8216;<i>Embutidos Palacios<\/i><i>&#8216;<\/i><i>,<\/i> y la otra una carpinter\u00eda, &#8216;<i>Hermanos Mar<\/i><i>\u00ed<\/i><i>n<\/i><i>&#8216;<\/i>, dedicada a trabajos artesanales de la madera que sin duda tambi\u00e9n merecen la atenci\u00f3n del visitante.<\/span><\/p>\n<p align=\"JUSTIFY\"><span style=\"font-size: medium;\"><span style=\"text-decoration: underline;\">Todos los visitantes que quieran conocer <b>Regina<\/b>, <b>Casas de Reina<\/b> y todo el rico patrimonio que atesora pueden contactar en el tel\u00e9fono<\/span> <b>924870305<\/b>. <span style=\"text-decoration: underline;\">Existe un servicio de gu\u00eda gratuito para asociaciones, colegios y grupos.<\/span><\/span><\/p>\n","protected":false},"excerpt":{"rendered":"<p>Si hemos estado realizando la visita a la ciudad romana de Regina, cuando salgamos de ella y nos dirijamos a Casas de Reina, nos encontraremos en su entrada con el Centro de Interpretaci\u00f3n, germen del cercano Museo de la Ciudad. Merece la visita para podernos recrear con algunas muestras del trabajo que realizaron los romanos [&hellip;]<\/p>\n","protected":false},"author":1,"featured_media":0,"parent":0,"menu_order":0,"comment_status":"open","ping_status":"open","template":"","meta":{"footnotes":""},"class_list":["post-461","page","type-page","status-publish","hentry","post"],"_links":{"self":[{"href":"https:\/\/www.astoll.es\/index.php?rest_route=\/wp\/v2\/pages\/461","targetHints":{"allow":["GET"]}}],"collection":[{"href":"https:\/\/www.astoll.es\/index.php?rest_route=\/wp\/v2\/pages"}],"about":[{"href":"https:\/\/www.astoll.es\/index.php?rest_route=\/wp\/v2\/types\/page"}],"author":[{"embeddable":true,"href":"https:\/\/www.astoll.es\/index.php?rest_route=\/wp\/v2\/users\/1"}],"replies":[{"embeddable":true,"href":"https:\/\/www.astoll.es\/index.php?rest_route=%2Fwp%2Fv2%2Fcomments&post=461"}],"version-history":[{"count":3,"href":"https:\/\/www.astoll.es\/index.php?rest_route=\/wp\/v2\/pages\/461\/revisions"}],"predecessor-version":[{"id":478,"href":"https:\/\/www.astoll.es\/index.php?rest_route=\/wp\/v2\/pages\/461\/revisions\/478"}],"wp:attachment":[{"href":"https:\/\/www.astoll.es\/index.php?rest_route=%2Fwp%2Fv2%2Fmedia&parent=461"}],"curies":[{"name":"wp","href":"https:\/\/api.w.org\/{rel}","templated":true}]}}