{"id":455,"date":"2015-04-01T18:27:52","date_gmt":"2015-04-01T18:27:52","guid":{"rendered":"http:\/\/www.astoll.es\/?page_id=455"},"modified":"2022-04-17T18:34:43","modified_gmt":"2022-04-17T18:34:43","slug":"la-ciudad-romana-de-regina-turdolorum","status":"publish","type":"page","link":"https:\/\/www.astoll.es\/?page_id=455","title":{"rendered":"La Ciudad Romana de Regina Turdulorum."},"content":{"rendered":"<p align=\"JUSTIFY\"><span style=\"font-size: medium;\">La ciudad romana de <b>Regina Turdulorum<\/b> se sit\u00faa a 1,5 Km. de <b>Casas de Reina<\/b> y tiene f\u00e1cil acceso tanto desde la poblaci\u00f3n como a trav\u00e9s de la carretera Ex-200 donde esta se\u00f1alizado el desv\u00edo a la ciudad.<\/span><\/p>\n<p align=\"JUSTIFY\"><span style=\"font-size: medium;\"><a href=\"http:\/\/www.astoll.es\/wp-content\/uploads\/2015\/04\/Regina_Teatro_escena.jpg\"><img loading=\"lazy\" decoding=\"async\" class=\" wp-image-459 alignleft\" src=\"http:\/\/www.astoll.es\/wp-content\/uploads\/2015\/04\/Regina_Teatro_escena.jpg\" alt=\"Regina_Teatro_escena\" width=\"158\" height=\"211\" srcset=\"https:\/\/www.astoll.es\/wp-content\/uploads\/2015\/04\/Regina_Teatro_escena.jpg 240w, https:\/\/www.astoll.es\/wp-content\/uploads\/2015\/04\/Regina_Teatro_escena-225x300.jpg 225w\" sizes=\"auto, (max-width: 158px) 100vw, 158px\" \/><\/a>Se trata de una ciudad de mediados del siglo primero de nuestra era que se edific\u00f3 por situarse aqu\u00ed un importante cruce de calzadas, la que proven\u00eda de <b>M\u00e9rida<\/b> se bifurcaba en <b>Regina,<\/b> y un ramal se dirig\u00eda a <b>Hispalis<\/b> a trav\u00e9s de <b>\u00c9c<\/b><b>ija<\/b> y el otro a <b>Cordoba<\/b> de la que depend\u00eda administrativamente. Hay eminentes arque\u00f3logos, entre ellos German Rodr\u00edguez. que sostienen que el ramal que desde <b>M\u00e9rida<\/b> se dirig\u00eda a <b>Hispalis<\/b> es la verdadera <b>V\u00eda de la Plata<\/b> y se basan para tan arriesgada aseveraci\u00f3n, en que esta v\u00eda nunca supera pendientes del 7%, mientras la que tradicionalmente se ha considerado <b>V\u00eda de la Plata<\/b> seria inviable para el tr\u00e1fico de carros en muchos de sus tramos. De ser as\u00ed, una parte del recorrido de la <b>Ruta del Rey Jay<\/b><b>\u00f3<\/b><b>n<\/b> transcurrir\u00eda por la <b>V\u00eda de la Plata<\/b>.<\/span><\/p>\n<p align=\"JUSTIFY\"><span style=\"font-size: medium;\">Cuando el caminante llega a <b>Regina<\/b> es necesario que se tome un respiro y vea el majestuoso teatro, el que apareci\u00f3 en un mejor estado de conservaci\u00f3n de los hallados en <b>Espa\u00f1a<\/b> y que cada a\u00f1o es sede del <i><b>Festival de Teatro de M\u00e9rida<\/b><\/i>, adem\u00e1s de otros ciclos propios, que han hecho de los veranos <i>Reginenses<\/i> cita obligada de los amantes de la cultura.<\/span><\/p>\n<p style=\"text-align: center;\" align=\"JUSTIFY\"><a href=\"http:\/\/www.astoll.es\/wp-content\/uploads\/2015\/04\/Regina_composicion_2.png\"><img loading=\"lazy\" decoding=\"async\" class=\"aligncenter wp-image-432\" src=\"http:\/\/www.astoll.es\/wp-content\/uploads\/2015\/04\/Regina_composicion_2-1024x176.png\" alt=\"Regina_composicion_2\" width=\"691\" height=\"119\" srcset=\"https:\/\/www.astoll.es\/wp-content\/uploads\/2015\/04\/Regina_composicion_2-1024x176.png 1024w, https:\/\/www.astoll.es\/wp-content\/uploads\/2015\/04\/Regina_composicion_2-300x51.png 300w, https:\/\/www.astoll.es\/wp-content\/uploads\/2015\/04\/Regina_composicion_2-900x154.png 900w, https:\/\/www.astoll.es\/wp-content\/uploads\/2015\/04\/Regina_composicion_2.png 1166w\" sizes=\"auto, (max-width: 691px) 100vw, 691px\" \/><\/a><em>Diferentes vistas del Teatro de Regina<\/em><\/p>\n<p align=\"JUSTIFY\"><a href=\"http:\/\/www.astoll.es\/wp-content\/uploads\/2015\/04\/Regina_composicion_1.png\"><img loading=\"lazy\" decoding=\"async\" class=\"aligncenter wp-image-456\" src=\"http:\/\/www.astoll.es\/wp-content\/uploads\/2015\/04\/Regina_composicion_1.png\" alt=\"Regina_composicion_1\" width=\"693\" height=\"257\" srcset=\"https:\/\/www.astoll.es\/wp-content\/uploads\/2015\/04\/Regina_composicion_1.png 709w, https:\/\/www.astoll.es\/wp-content\/uploads\/2015\/04\/Regina_composicion_1-300x111.png 300w\" sizes=\"auto, (max-width: 693px) 100vw, 693px\" \/><\/a><\/p>\n<p align=\"JUSTIFY\"><span style=\"font-size: medium;\">Pero <b>Regina<\/b> es mas que el Teatro, la excavaciones que lenta pero constantemente se est\u00e1n realizando en el \u00e1rea foral nos van hablando de una ciudad muy monumental y rica, era un centro minero y las minas eran propiedad imperial, de ah\u00ed la vinculaci\u00f3n de <b>Regina<\/b> con el emperador <b>Trajano,<\/b> del que tantos vestigios se han hallado. Los que cada a\u00f1o visitan <b>Regina<\/b> tienen que extender el camino hasta el <b>Foro<\/b> hay que ver el <i>Colegio sacerdota<\/i><em>l,<\/em> la <i>triada capitolina<\/i>, la <i>bas\u00edlica<\/i>, el <i>makelum<\/i> y otros edificios religiosos y civiles que poco a poco van recuper\u00e1ndose para deleite del visitante.<\/span><\/p>\n<p style=\"text-align: center;\" align=\"JUSTIFY\"><a href=\"http:\/\/www.astoll.es\/wp-content\/uploads\/2015\/04\/Regina-decumano-maximo.jpg\"><img loading=\"lazy\" decoding=\"async\" class=\"aligncenter size-full wp-image-457\" src=\"http:\/\/www.astoll.es\/wp-content\/uploads\/2015\/04\/Regina-decumano-maximo.jpg\" alt=\"Regina-decumano maximo\" width=\"360\" height=\"202\" srcset=\"https:\/\/www.astoll.es\/wp-content\/uploads\/2015\/04\/Regina-decumano-maximo.jpg 360w, https:\/\/www.astoll.es\/wp-content\/uploads\/2015\/04\/Regina-decumano-maximo-300x168.jpg 300w\" sizes=\"auto, (max-width: 360px) 100vw, 360px\" \/><\/a><em>Decumano Maximo<\/em><\/p>\n<p style=\"text-align: center;\" align=\"JUSTIFY\"><a href=\"http:\/\/www.astoll.es\/wp-content\/uploads\/2015\/04\/Regina-foro2.jpg\"><img loading=\"lazy\" decoding=\"async\" class=\"aligncenter size-full wp-image-458\" src=\"http:\/\/www.astoll.es\/wp-content\/uploads\/2015\/04\/Regina-foro2.jpg\" alt=\"Regina-foro2\" width=\"360\" height=\"202\" srcset=\"https:\/\/www.astoll.es\/wp-content\/uploads\/2015\/04\/Regina-foro2.jpg 360w, https:\/\/www.astoll.es\/wp-content\/uploads\/2015\/04\/Regina-foro2-300x168.jpg 300w\" sizes=\"auto, (max-width: 360px) 100vw, 360px\" \/><\/a><em>Foro<\/em><\/p>\n","protected":false},"excerpt":{"rendered":"<p>La ciudad romana de Regina Turdulorum se sit\u00faa a 1,5 Km. de Casas de Reina y tiene f\u00e1cil acceso tanto desde la poblaci\u00f3n como a trav\u00e9s de la carretera Ex-200 donde esta se\u00f1alizado el desv\u00edo a la ciudad. Se trata de una ciudad de mediados del siglo primero de nuestra era que se edific\u00f3 por [&hellip;]<\/p>\n","protected":false},"author":1,"featured_media":0,"parent":0,"menu_order":0,"comment_status":"open","ping_status":"open","template":"","meta":{"footnotes":""},"class_list":["post-455","page","type-page","status-publish","hentry","post"],"_links":{"self":[{"href":"https:\/\/www.astoll.es\/index.php?rest_route=\/wp\/v2\/pages\/455","targetHints":{"allow":["GET"]}}],"collection":[{"href":"https:\/\/www.astoll.es\/index.php?rest_route=\/wp\/v2\/pages"}],"about":[{"href":"https:\/\/www.astoll.es\/index.php?rest_route=\/wp\/v2\/types\/page"}],"author":[{"embeddable":true,"href":"https:\/\/www.astoll.es\/index.php?rest_route=\/wp\/v2\/users\/1"}],"replies":[{"embeddable":true,"href":"https:\/\/www.astoll.es\/index.php?rest_route=%2Fwp%2Fv2%2Fcomments&post=455"}],"version-history":[{"count":2,"href":"https:\/\/www.astoll.es\/index.php?rest_route=\/wp\/v2\/pages\/455\/revisions"}],"predecessor-version":[{"id":3356,"href":"https:\/\/www.astoll.es\/index.php?rest_route=\/wp\/v2\/pages\/455\/revisions\/3356"}],"wp:attachment":[{"href":"https:\/\/www.astoll.es\/index.php?rest_route=%2Fwp%2Fv2%2Fmedia&parent=455"}],"curies":[{"name":"wp","href":"https:\/\/api.w.org\/{rel}","templated":true}]}}