{"id":441,"date":"2015-04-01T18:27:05","date_gmt":"2015-04-01T18:27:05","guid":{"rendered":"http:\/\/www.astoll.es\/?page_id=441"},"modified":"2015-04-01T18:27:05","modified_gmt":"2015-04-01T18:27:05","slug":"ermita-de-la-virgen-del-ara","status":"publish","type":"page","link":"https:\/\/www.astoll.es\/?page_id=441","title":{"rendered":"Ermita de la Virgen del Ara."},"content":{"rendered":"<p align=\"JUSTIFY\"><span style=\"font-size: medium;\">El <\/span><span style=\"font-size: medium;\"><b>Santuario de Ntra. Sra. del Ara<\/b><\/span><span style=\"font-size: medium;\">, <\/span><span style=\"font-size: medium;\"><i>Patrimonio Cultural de Extremadura<\/i><\/span><span style=\"font-size: medium;\">,<\/span> <span style=\"font-size: medium;\">e<\/span><span style=\"color: #000000;\"><span style=\"font-family: Nimbus Roman No9 L,serif;\"><span style=\"font-size: medium;\">st\u00e1 situad<\/span><\/span><\/span><span style=\"color: #000000;\"><span style=\"font-family: Nimbus Roman No9 L,serif;\"><span style=\"font-size: medium;\">o<\/span><\/span><\/span><span style=\"color: #000000;\"><span style=\"font-family: Nimbus Roman No9 L,serif;\"><span style=\"font-size: medium;\"> en la <\/span><\/span><\/span><strong><span style=\"color: #000000;\"><span style=\"font-family: Nimbus Roman No9 L,serif;\"><span style=\"font-size: medium;\"><b>Sierra de La Jayona,<\/b><\/span><\/span><\/span><\/strong> a pocos kil\u00f3metros de la localidad de <strong>Fuente del Arco<\/strong>, siendo su edifico m\u00e1s representativo y enclavado en un paraje de singualr belleza paisaj\u00edstica, en la que ya desde tiempos de los romanos existieron explotaciones mineras. Fue declarada <strong><em>Monumento de Inter\u00e9s Cultural<\/em> <\/strong>por la <strong>Junta de Extremadura<\/strong> en el a\u00f1o 1993 (Orden de 26 de agosto; D.O.E. n\u00ba 108 de 16 de septiembre y 115 de 2 de octubre).<\/p>\n<p align=\"JUSTIFY\"><a href=\"http:\/\/www.astoll.es\/wp-content\/uploads\/2015\/04\/Ermita-Virgen-del-Ara_2.jpg\"><img loading=\"lazy\" decoding=\"async\" class=\"aligncenter size-full wp-image-420\" src=\"http:\/\/www.astoll.es\/wp-content\/uploads\/2015\/04\/Ermita-Virgen-del-Ara_2.jpg\" alt=\"Ermita Virgen del Ara_2\" width=\"480\" height=\"323\" srcset=\"https:\/\/www.astoll.es\/wp-content\/uploads\/2015\/04\/Ermita-Virgen-del-Ara_2.jpg 480w, https:\/\/www.astoll.es\/wp-content\/uploads\/2015\/04\/Ermita-Virgen-del-Ara_2-300x202.jpg 300w\" sizes=\"auto, (max-width: 480px) 100vw, 480px\" \/><\/a><\/p>\n<p align=\"JUSTIFY\"><span style=\"color: #000000;\"><span style=\"font-size: medium;\">Data del siglo XV y es de estilo mud\u00e9jar con posteriores aditamentos barrocos. <\/span><\/span><span style=\"color: #000000;\"><span style=\"font-size: medium;\">El <\/span><\/span><span style=\"color: #000000;\"><span style=\"font-size: medium;\">conjunto edificado consta de ermita, sacrist\u00eda, y diversas estancias como bodega, caballerizas, casa del ermita\u00f1o, etc. La ermita es un edificio sencillo de una sola nave, dividido en tramos por arcos fajones y cubierta con b\u00f3veda de medio ca\u00f1\u00f3n; la cabecera ofrece una sencilla b\u00f3veda de crucer\u00eda.<\/span><\/span><\/p>\n<p align=\"JUSTIFY\"><a href=\"http:\/\/www.astoll.es\/wp-content\/uploads\/2015\/04\/Ermita-Virgen-del-Ara_3.jpg\"><img loading=\"lazy\" decoding=\"async\" class=\"aligncenter  wp-image-443\" src=\"http:\/\/www.astoll.es\/wp-content\/uploads\/2015\/04\/Ermita-Virgen-del-Ara_3.jpg\" alt=\"Ermita Virgen del Ara_3\" width=\"441\" height=\"282\" srcset=\"https:\/\/www.astoll.es\/wp-content\/uploads\/2015\/04\/Ermita-Virgen-del-Ara_3.jpg 480w, https:\/\/www.astoll.es\/wp-content\/uploads\/2015\/04\/Ermita-Virgen-del-Ara_3-300x192.jpg 300w\" sizes=\"auto, (max-width: 441px) 100vw, 441px\" \/><\/a><\/p>\n<p align=\"JUSTIFY\"><a href=\"http:\/\/www.astoll.es\/wp-content\/uploads\/2015\/04\/Ermita-Virgen-del-Ara_4.jpg\"><img loading=\"lazy\" decoding=\"async\" class=\"aligncenter  wp-image-444\" src=\"http:\/\/www.astoll.es\/wp-content\/uploads\/2015\/04\/Ermita-Virgen-del-Ara_4.jpg\" alt=\"Ermita Virgen del Ara_4\" width=\"273\" height=\"339\" srcset=\"https:\/\/www.astoll.es\/wp-content\/uploads\/2015\/04\/Ermita-Virgen-del-Ara_4.jpg 386w, https:\/\/www.astoll.es\/wp-content\/uploads\/2015\/04\/Ermita-Virgen-del-Ara_4-241x300.jpg 241w\" sizes=\"auto, (max-width: 273px) 100vw, 273px\" \/><\/a><\/p>\n<p align=\"JUSTIFY\"><span style=\"color: #000000;\"><span style=\"font-size: medium;\">El elemento m\u00e1s destacado del conjunto viene dado por la galer\u00eda porticada existente en los lados Sur y Oeste del templo, galer\u00edas que, seg\u00fan las fuentes hist\u00f3ricas nos informan, presentaban dos cuerpos, de los cuales tan s\u00f3lo ha llegado hasta nosotros el nivel inferior. Se trata de un p\u00f3rtico realizado con ladrillo, conformado por arcos de medio punto peraltados, enmarcados por alfiz y apoyados en pilares octogonales con capitel sencillo de dos molduras c\u00f3ncavas y una convexa entre ambas.<\/span><\/span><\/p>\n<p align=\"JUSTIFY\"><span style=\"color: #000000;\"><span style=\"font-size: medium;\">Esta obra del siglo XV muestra numerosas transformaciones producidas desde su construcci\u00f3n que han alterado su estructura inicial, a pesar de ello es una de las m\u00e1s interesantes realizaciones del mud\u00e9jar bajo extreme\u00f1o. <\/span><\/span>Pero si por algo destaca este santuario es por sus frescos o murales que cubren todo su interior, desarrollando un extenso programa de historias y motivos decorativos basadas en escenas del libro del <i>G\u00e9nesis<\/i>, de ah\u00ed que algunos la hayan denominado \u201c<i><b>La Sixtina de la Baja Extremadura<\/b><\/i>\u201d.<\/p>\n<p align=\"JUSTIFY\"><a href=\"http:\/\/www.astoll.es\/wp-content\/uploads\/2015\/04\/Ermita-Virgen-del-Ara_1.jpg\"><img loading=\"lazy\" decoding=\"async\" class=\"aligncenter size-full wp-image-419\" src=\"http:\/\/www.astoll.es\/wp-content\/uploads\/2015\/04\/Ermita-Virgen-del-Ara_1.jpg\" alt=\"Ermita Virgen del Ara_1\" width=\"450\" height=\"311\" srcset=\"https:\/\/www.astoll.es\/wp-content\/uploads\/2015\/04\/Ermita-Virgen-del-Ara_1.jpg 450w, https:\/\/www.astoll.es\/wp-content\/uploads\/2015\/04\/Ermita-Virgen-del-Ara_1-300x207.jpg 300w\" sizes=\"auto, (max-width: 450px) 100vw, 450px\" \/><\/a><\/p>\n<p align=\"JUSTIFY\">Este Santuario es uno de los <i>Centro de Devoci\u00f3n Mariana<\/i> mas importantes de la <i><b>Baja Extremadura<\/b><\/i> y m\u00e1s concretamente de la <b>Campi\u00f1a Sur,<\/b> siendo su d\u00eda grande el 8 de septiembre.<\/p>\n<p align=\"JUSTIFY\">La Ermita ofrecen al visitante la posibilidad de conjugar cultura y tradiciones. El paraje que la circunda es de una gran riqueza arqueol\u00f3gica, todo ello dentro de un entorno natural dif\u00edcil de igualar en belleza y diversidad.<\/p>\n<p align=\"JUSTIFY\"><span style=\"text-decoration: underline;\"><b>Fiestas<\/b><\/span>: Romer\u00eda del Rayo ultimo domingo de Mayo.<\/p>\n<p align=\"JUSTIFY\"><span style=\"text-decoration: underline;\"><b>Fiestas Patronales<\/b><\/span>: 7 de Septiembre en la Ermita; 8, 9 y 10 de septiembre en el Pueblo.<\/p>\n<p align=\"JUSTIFY\"><span style=\"text-decoration: underline;\"><b>VISITAS<\/b><\/span>: S\u00e1bados y Domingos, de 10:00 a 14:00 horas. Visitas concertadas poni\u00e9ndose en contacto con la hermandad. El horario de visitas en verano puede cambiar.<\/p>\n","protected":false},"excerpt":{"rendered":"<p>El Santuario de Ntra. Sra. del Ara, Patrimonio Cultural de Extremadura, est\u00e1 situado en la Sierra de La Jayona, a pocos kil\u00f3metros de la localidad de Fuente del Arco, siendo su edifico m\u00e1s representativo y enclavado en un paraje de singualr belleza paisaj\u00edstica, en la que ya desde tiempos de los romanos existieron explotaciones mineras. [&hellip;]<\/p>\n","protected":false},"author":1,"featured_media":0,"parent":0,"menu_order":0,"comment_status":"open","ping_status":"open","template":"","meta":{"footnotes":""},"class_list":["post-441","page","type-page","status-publish","hentry","post"],"_links":{"self":[{"href":"https:\/\/www.astoll.es\/index.php?rest_route=\/wp\/v2\/pages\/441","targetHints":{"allow":["GET"]}}],"collection":[{"href":"https:\/\/www.astoll.es\/index.php?rest_route=\/wp\/v2\/pages"}],"about":[{"href":"https:\/\/www.astoll.es\/index.php?rest_route=\/wp\/v2\/types\/page"}],"author":[{"embeddable":true,"href":"https:\/\/www.astoll.es\/index.php?rest_route=\/wp\/v2\/users\/1"}],"replies":[{"embeddable":true,"href":"https:\/\/www.astoll.es\/index.php?rest_route=%2Fwp%2Fv2%2Fcomments&post=441"}],"version-history":[{"count":2,"href":"https:\/\/www.astoll.es\/index.php?rest_route=\/wp\/v2\/pages\/441\/revisions"}],"predecessor-version":[{"id":445,"href":"https:\/\/www.astoll.es\/index.php?rest_route=\/wp\/v2\/pages\/441\/revisions\/445"}],"wp:attachment":[{"href":"https:\/\/www.astoll.es\/index.php?rest_route=%2Fwp%2Fv2%2Fmedia&parent=441"}],"curies":[{"name":"wp","href":"https:\/\/api.w.org\/{rel}","templated":true}]}}