{"id":438,"date":"2015-04-01T18:29:09","date_gmt":"2015-04-01T18:29:09","guid":{"rendered":"http:\/\/www.astoll.es\/?page_id=438"},"modified":"2026-03-28T19:27:37","modified_gmt":"2026-03-28T18:27:37","slug":"monumento-natural-de-la-mina-de-la-jayona","status":"publish","type":"page","link":"https:\/\/www.astoll.es\/?page_id=438","title":{"rendered":"Monumento Natural de la Mina de la Jayona."},"content":{"rendered":"<p align=\"JUSTIFY\">Entre los parajes naturales destaca la \u201c<b>M<\/b><b>ina <\/b><b>l<\/b><b>a Jayona<\/b>\u201d, declarada <i><b>Monumento Natural por la Junta de Extremadura<\/b><\/i> en septiembre de 1997 <i><span style=\"text-decoration: underline;\"><b>por sus peculiaridades ecol\u00f3gicas y geol\u00f3gicas, y porque en definitiva constituye un singular ecosistema de considerable belleza paisaj\u00edstica y tur\u00edstica.<\/b><\/span><\/i><\/p>\n<p align=\"JUSTIFY\">[Recomendable la lectura del art\u00edculo publicado en revista de <a href=\"https:\/\/viajes.nationalgeographic.com.es\/ubicacion-exacta\/pueblo-extremadura-mina-que-esconde-bosque-subterraneo_24280\" target=\"_blank\" rel=\"noopener\">\u00ab<strong>Viajes<\/strong>\u00bb de <strong>National Geographic<\/strong>: \u00ab<strong><em>El pueblo de Extremadura con una mina que esconde un bosque subterr\u00e1neo<\/em><\/strong><\/a>\u00ab].<\/p>\n<p align=\"JUSTIFY\"><a href=\"http:\/\/www.astoll.es\/wp-content\/uploads\/2015\/04\/Mina_Jayona_02.jpg\"><img loading=\"lazy\" decoding=\"async\" class=\"aligncenter wp-image-407\" src=\"http:\/\/www.astoll.es\/wp-content\/uploads\/2015\/04\/Mina_Jayona_02.jpg\" alt=\"Mina_Jayona_02\" width=\"256\" height=\"341\" srcset=\"https:\/\/www.astoll.es\/wp-content\/uploads\/2015\/04\/Mina_Jayona_02.jpg 360w, https:\/\/www.astoll.es\/wp-content\/uploads\/2015\/04\/Mina_Jayona_02-225x300.jpg 225w\" sizes=\"auto, (max-width: 256px) 100vw, 256px\" \/><\/a><\/p>\n<p align=\"JUSTIFY\">Se trata de unas antiguas explotaciones de mineral de hierro que se explot\u00f3 desde 1900 a 1921. En este per\u00edodo se extrajeron 270.000 Tm de mineral, que hasta 1905 era transportado a la fundici\u00f3n de <b>Fuente del Arco<\/b> con animales de carga y a partir de ese a\u00f1o con ayuda de un telef\u00e9rico.<\/p>\n<p align=\"JUSTIFY\">Como consecuencia, quedaron peque\u00f1as construcciones y once niveles en los que se suceden andenes, galer\u00edas, plataformas, salas, etc. que hoy en d\u00eda constituyen un complejo geoecol\u00f3gico de primera magnitud.<\/p>\n<p align=\"JUSTIFY\"><a href=\"http:\/\/www.astoll.es\/wp-content\/uploads\/2015\/04\/Mina_Jayona_3.jpg\"><img loading=\"lazy\" decoding=\"async\" class=\"aligncenter wp-image-408\" src=\"http:\/\/www.astoll.es\/wp-content\/uploads\/2015\/04\/Mina_Jayona_3.jpg\" alt=\"Mina_Jayona_3\" width=\"254\" height=\"339\" srcset=\"https:\/\/www.astoll.es\/wp-content\/uploads\/2015\/04\/Mina_Jayona_3.jpg 360w, https:\/\/www.astoll.es\/wp-content\/uploads\/2015\/04\/Mina_Jayona_3-225x300.jpg 225w\" sizes=\"auto, (max-width: 254px) 100vw, 254px\" \/><\/a><\/p>\n<p align=\"JUSTIFY\">A expensas de las diferentes condiciones de humedad y temperatura existentes en el interior de la mina se han desarrollado una vegetaci\u00f3n caracter\u00edstica de zonas h\u00famedas constituida por helechos, plantas trepadoras, higueras, musgos, etc., en claro contraste con la vegetaci\u00f3n t\u00edpicamente mediterr\u00e1nea del exterior. En los cantiles y roquedos anidan importantes colonias de aves rup\u00edcolas que conviven con insectos, reptiles, peque\u00f1os mam\u00edferos y con murci\u00e9lagos de diferentes especies, sobre todo en la denominada \u201d<i>Cueva de los Mu\u00f1ecos<\/i>\u201d.<\/p>\n<p align=\"JUSTIFY\">Tambi\u00e9n han quedado al descubierto numerosas y valiosas manifestaciones geol\u00f3gicas como charnelas de pliegues, contactos litol\u00f3gicos, mineralizaciones, procesos k\u00e1rsticos, procesos sedimentarios y sobre todo, un plano de falla en el que pueden observarse estr\u00edas y espejos de falla.<\/p>\n<p align=\"JUSTIFY\"><a href=\"http:\/\/www.astoll.es\/wp-content\/uploads\/2015\/04\/Mina_Jayona_11.jpg\"><img loading=\"lazy\" decoding=\"async\" class=\"aligncenter wp-image-414\" src=\"http:\/\/www.astoll.es\/wp-content\/uploads\/2015\/04\/Mina_Jayona_11.jpg\" alt=\"Mina_Jayona_11\" width=\"411\" height=\"308\" srcset=\"https:\/\/www.astoll.es\/wp-content\/uploads\/2015\/04\/Mina_Jayona_11.jpg 480w, https:\/\/www.astoll.es\/wp-content\/uploads\/2015\/04\/Mina_Jayona_11-300x225.jpg 300w, https:\/\/www.astoll.es\/wp-content\/uploads\/2015\/04\/Mina_Jayona_11-320x240.jpg 320w\" sizes=\"auto, (max-width: 411px) 100vw, 411px\" \/><\/a><\/p>\n<p align=\"JUSTIFY\">No son menos interesantes los contrastes y variedad de paisajes y sonidos. La belleza de la mina se intuye incluso cerrando los ojos por unos instantes y saboreando la percepci\u00f3n de los m\u00faltiples sonidos que resuenan en la mina. Buena muestra de ello es que cada vez que se visita la mina se observan perspectivas, momentos, peque\u00f1os detalles, &#8230;diferentes a los contemplados en la visita anterior.<\/p>\n<p align=\"JUSTIFY\"><a href=\"http:\/\/www.astoll.es\/wp-content\/uploads\/2015\/04\/Mina_Jayona_06.jpg\"><img loading=\"lazy\" decoding=\"async\" class=\"aligncenter wp-image-410\" src=\"http:\/\/www.astoll.es\/wp-content\/uploads\/2015\/04\/Mina_Jayona_06.jpg\" alt=\"Mina_Jayona_06\" width=\"293\" height=\"268\" srcset=\"https:\/\/www.astoll.es\/wp-content\/uploads\/2015\/04\/Mina_Jayona_06.jpg 480w, https:\/\/www.astoll.es\/wp-content\/uploads\/2015\/04\/Mina_Jayona_06-300x274.jpg 300w\" sizes=\"auto, (max-width: 293px) 100vw, 293px\" \/><\/a><\/p>\n<p align=\"JUSTIFY\"><a href=\"http:\/\/www.astoll.es\/wp-content\/uploads\/2015\/04\/Mina_Jayona_10.jpg\"><img loading=\"lazy\" decoding=\"async\" class=\"aligncenter wp-image-413\" src=\"http:\/\/www.astoll.es\/wp-content\/uploads\/2015\/04\/Mina_Jayona_10.jpg\" alt=\"Mina_Jayona_10\" width=\"244\" height=\"325\" srcset=\"https:\/\/www.astoll.es\/wp-content\/uploads\/2015\/04\/Mina_Jayona_10.jpg 360w, https:\/\/www.astoll.es\/wp-content\/uploads\/2015\/04\/Mina_Jayona_10-225x300.jpg 225w\" sizes=\"auto, (max-width: 244px) 100vw, 244px\" \/><\/a><\/p>\n<p align=\"JUSTIFY\">A continuaci\u00f3n se describen algunos de los niveles que pueden visitarse:<\/p>\n<p align=\"JUSTIFY\">El <b>nivel n\u00famero 2<\/b> es el que recorre, con sus 230 metros, el interior de la Mina a mayor profundidad. Las galer\u00edas, con sus claroscuros, dan paso a cortinas de luz que se abren a andenes llenos de vida y de color, rodeados de grandes taludes rocosos. Galer\u00edas en las que los juegos luz producen sensaciones sorprendentes, en los que la oscuridad se mezcla con el silencio, y en su final, la luz con la vegetaci\u00f3n en un armon\u00eda especial. Pero es en el tramo final de este nivel cuando, al abrigo de recovecos y al color de la roca ya exenta de vegetaci\u00f3n, la luz alcanza los matices m\u00e1s sorprendentes, y las sensaciones se mezclan entre la incredulidad y la sorpresa. Sorpresa que alcanza su c\u00e9nit al final de la quinta galer\u00eda, cuando de forma repentina aparece la <b>Sala de las Columnas<\/b>. La grandiosidad, los contrastes, la roca viva, se mezclan con la imaginaci\u00f3n de los sorprendidos visitantes, que no atinan a comprender c\u00f3mo unos esforzados mineros, a principios de siglo XX, pudieron excavar las entra\u00f1as de la tierra para dejar un hueco semejante. Pero adem\u00e1s de los juegos de luz, donde los haces iluminan y colorean la roca, la actividad ha dejado visible restos de la explotaci\u00f3n minera, como muros de sostenimiento, anclajes o polvorines, que dan fe de los escasos medios materiales utilizados en la explotaci\u00f3n. La excavaci\u00f3n tambi\u00e9n ha dejado al descubierto, de forma n\u00edtida, un plano de falla de m\u00e1s de 500 metros cuadrados, \u00fanico en Espa\u00f1a, al que cada d\u00eda la luz ilumina para indicarnos que la Tierra estuvo viva hace millones de a\u00f1os.<\/p>\n<p align=\"JUSTIFY\">En este nivel tambi\u00e9n puede apreciarse como higueras, zarzas o helechos favorecidos por el microclima existente en el interior, en el que la humedad y la temperatura son t\u00edpicos de zona de umbr\u00eda, cubren y tapizan de forma salvaje el fondo y paredes de la mina.<\/p>\n<p align=\"JUSTIFY\"><a href=\"http:\/\/www.astoll.es\/wp-content\/uploads\/2015\/04\/Mina_Jayona_1.jpg\"><img loading=\"lazy\" decoding=\"async\" class=\"aligncenter size-full wp-image-406\" src=\"http:\/\/www.astoll.es\/wp-content\/uploads\/2015\/04\/Mina_Jayona_1.jpg\" alt=\"Mina_Jayona_1\" width=\"250\" height=\"378\" srcset=\"https:\/\/www.astoll.es\/wp-content\/uploads\/2015\/04\/Mina_Jayona_1.jpg 250w, https:\/\/www.astoll.es\/wp-content\/uploads\/2015\/04\/Mina_Jayona_1-198x300.jpg 198w\" sizes=\"auto, (max-width: 250px) 100vw, 250px\" \/><\/a><\/p>\n<p align=\"JUSTIFY\">El <b>nivel <\/b><b>n\u00famero <\/b><b>3<\/b> recorre, con sus m\u00e1s de 161 metros, en paralelo y elevado 12 metros sobre el nivel anterior, la misma parte de la Mina. En el tramo inicial, peque\u00f1as galer\u00edas dan paso a andenes estrechos de mayor longitud. Andenes desde los que puede verse parte del recorrido realizado o c\u00f3mo la vegetaci\u00f3n viste de vida el camino. La \u00faltima galer\u00eda precede al fin de un viaje sobre una pasarela apoyada sobre un antiguo cargadero. Las higueras trepando aprovechan cualquier oquedad formada por la disoluci\u00f3n de la roca. Formaci\u00f3n de mineral en cualquier lugar, peque\u00f1as estalactitas a la altura de la vista, muros de piedra incre\u00edbles adornados por helechos y verd\u00edn. Peque\u00f1as infraestructuras dejadas por la antigua actividad minera. Hojas de higuera u oquedades en la roca rellenas de \u00f3xidos rojizos, vistas al contraluz, son acompa\u00f1antes de una visita sorprendente.<\/p>\n<p align=\"JUSTIFY\">El <strong>nivel n\u00famero 4<\/strong>, con sus 297 metros de longitud, es el de mayor recorrido. Situado a mayor altura que los niveles anteriores, en \u00e9l tambi\u00e9n se suceden andenes, galer\u00edas plataformas llenas de miradores, en los que la vegetaci\u00f3n sigue presente. En las galer\u00edas de poca extensi\u00f3n y con formas caprichosas, los focos de luz ganan presencia\u00a0 a medida que el recorrido avanza. La oscuridad de lo m\u00e1s de 70 m. de su \u00faltima galer\u00eda, es conquistada por rayos de luz que penetran desde su boca de salida y por un balc\u00f3n colgado a m\u00e1s de 25 m. sobre la<strong> Sala de las Columnas<\/strong>, para dejarnos ver un arco de sostenimiento conquistado por una vegetaci\u00f3n exuberante. En este nivel tambi\u00e9n puede disfrutarse de unpanor\u00e1mica de la mina \u00ab<strong><em>Monstruo<\/em><\/strong>\u00ab, observar a vista de p\u00e1jaro la superposici\u00f3n de niveles recorridos como si de una maqueta se tratase, o c\u00f3mo el antiguo cargadero de mineral en el interior de la Mina, fue construido piedra a piedra. Higueras trepadoras que para vivir extienden sus ra\u00edces varios metros en busca de alimento. Nidos de barro de las colonias de aves roque\u00f1as que aprovechan cualqueir galer\u00eda, o rapaces que sobrevuelan la despensa en la que se ha convertiod la Mina.<\/p>\n<p align=\"JUSTIFY\"><a href=\"http:\/\/www.astoll.es\/wp-content\/uploads\/2015\/04\/Mina_Jayona_09.jpg\"><img loading=\"lazy\" decoding=\"async\" class=\"aligncenter wp-image-439\" src=\"http:\/\/www.astoll.es\/wp-content\/uploads\/2015\/04\/Mina_Jayona_09.jpg\" alt=\"Mina_Jayona_09\" width=\"304\" height=\"395\" srcset=\"https:\/\/www.astoll.es\/wp-content\/uploads\/2015\/04\/Mina_Jayona_09.jpg 369w, https:\/\/www.astoll.es\/wp-content\/uploads\/2015\/04\/Mina_Jayona_09-231x300.jpg 231w\" sizes=\"auto, (max-width: 304px) 100vw, 304px\" \/><\/a><\/p>\n<p align=\"JUSTIFY\">Las <span style=\"text-decoration: underline;\"><b>visitas guiadas<\/b><\/span> son de martes a domingo en varios turnos de aproximadamente 45 personas: a las 10, a las 12 de la ma\u00f1ana y 4 de la tarde, con una duraci\u00f3n aproximada de una hora y media (puede sufrir cambios con el horario de verano). Para llegar ha de seguirse la pista o camino de la <i>Finca Municipal Valdecig\u00fce\u00f1as<\/i>.<\/p>\n<p align=\"JUSTIFY\"><span style=\"text-decoration: underline;\"><b>Situaci\u00f3n<\/b><\/span>: La \u201c<b>M<\/b><b>ina <\/b><b>l<\/b><b>a Jayona<\/b>\u201d se encuentra a unos 6\u00b45 km. al sur de <b>Fuente del Arco<\/b>, al sureste de la provincia de <b>Badajoz<\/b>, en las proximidades del l\u00edmite provincial de <b>Sevilla<\/b>, m\u00e1s concreto en el coraz\u00f3n de la <b>Sierra Jayona<\/b>, conjunto monta\u00f1oso de las estribaciones mas septentrionales de <b>Sierra Morena<\/b>.<\/p>\n<p align=\"JUSTIFY\"><span lang=\"es-ES\"><span style=\"text-decoration: underline;\"><b>Tel\u00e9fonos <\/b><\/span><\/span><span lang=\"es-ES\"><span style=\"text-decoration: underline;\"><b>de informaci\u00f3n de la \u201c<\/b><\/span><\/span><span lang=\"es-ES\"><span style=\"text-decoration: underline;\"><b>Mina de la Jayona\u201d: 667756600<\/b><\/span><\/span><\/p>\n<p style=\"text-align: justify;\">Pod\u00e9is <strong>ver el documental \u00abLa Jayona&#8230; un nuevo mundo enterrado\u00bb<\/strong> en la\u00a0 la plataforma <strong>\u00abRTVE play<\/strong>\u00ab, en los siguientes enlaces::<\/p>\n<p style=\"text-align: center;\"><span style=\"color: #0000ff;\"><a style=\"color: #0000ff;\" href=\"https:\/\/www.rtve.es\/play\/videos\/la-jayona-un-nuevo-mundo-enterrado\/episodio-1\/16845603\/\" target=\"_blank\" rel=\"noopener\"><strong>La Jayona&#8230; un nuevo mundo enterrado &#8211; CAP\u00cdTULO 1 &#8211;<\/strong><\/a><\/span><\/p>\n<p style=\"text-align: center;\"><a href=\"https:\/\/www.rtve.es\/play\/videos\/la-jayona-un-nuevo-mundo-enterrado\/episodio-2\/16847526\/\" target=\"_blank\" rel=\"noopener\"><strong><span style=\"color: #0000ff;\">La Jayona&#8230; un nuevo mundo enterrado &#8211; CAP\u00cdTULO 2 &#8211;<\/span><\/strong><\/a><\/p>\n","protected":false},"excerpt":{"rendered":"<p>Entre los parajes naturales destaca la \u201cMina la Jayona\u201d, declarada Monumento Natural por la Junta de Extremadura en septiembre de 1997 por sus peculiaridades ecol\u00f3gicas y geol\u00f3gicas, y porque en definitiva constituye un singular ecosistema de considerable belleza paisaj\u00edstica y tur\u00edstica. [Recomendable la lectura del art\u00edculo publicado en revista de \u00abViajes\u00bb de National Geographic: \u00abEl [&hellip;]<\/p>\n","protected":false},"author":1,"featured_media":0,"parent":0,"menu_order":0,"comment_status":"open","ping_status":"open","template":"","meta":{"footnotes":""},"class_list":["post-438","page","type-page","status-publish","hentry","post"],"_links":{"self":[{"href":"https:\/\/www.astoll.es\/index.php?rest_route=\/wp\/v2\/pages\/438","targetHints":{"allow":["GET"]}}],"collection":[{"href":"https:\/\/www.astoll.es\/index.php?rest_route=\/wp\/v2\/pages"}],"about":[{"href":"https:\/\/www.astoll.es\/index.php?rest_route=\/wp\/v2\/types\/page"}],"author":[{"embeddable":true,"href":"https:\/\/www.astoll.es\/index.php?rest_route=\/wp\/v2\/users\/1"}],"replies":[{"embeddable":true,"href":"https:\/\/www.astoll.es\/index.php?rest_route=%2Fwp%2Fv2%2Fcomments&post=438"}],"version-history":[{"count":4,"href":"https:\/\/www.astoll.es\/index.php?rest_route=\/wp\/v2\/pages\/438\/revisions"}],"predecessor-version":[{"id":4591,"href":"https:\/\/www.astoll.es\/index.php?rest_route=\/wp\/v2\/pages\/438\/revisions\/4591"}],"wp:attachment":[{"href":"https:\/\/www.astoll.es\/index.php?rest_route=%2Fwp%2Fv2%2Fmedia&parent=438"}],"curies":[{"name":"wp","href":"https:\/\/api.w.org\/{rel}","templated":true}]}}