{"id":360,"date":"2015-03-18T12:35:03","date_gmt":"2015-03-18T12:35:03","guid":{"rendered":"http:\/\/www.astoll.es\/?page_id=360"},"modified":"2015-03-18T12:37:58","modified_gmt":"2015-03-18T12:37:58","slug":"astoll-en-versos","status":"publish","type":"page","link":"https:\/\/www.astoll.es\/?page_id=360","title":{"rendered":"ASTOLL en versos"},"content":{"rendered":"<p style=\"text-align: justify;\"><a href=\"http:\/\/www.juanfranciscocaro.es\/\" target=\"_blank\">Juan Francisco Caro<\/a>, desde su blog, dedica unos sonetos a nuestra asociaci\u00f3n <strong>ASTOLL<\/strong> (<strong><em>Asociaci\u00f3n Senderista Tomillo y Or\u00e9gano de Llerena<\/em><\/strong>) en agradecimiento a la labor cultural, divulgativa y defensora de ca\u00f1adas, cordeles, coladas y resto de v\u00edas pecuarias que realiza.<\/p>\n<p style=\"text-align: center;\"><span style=\"color: #003300;\"><strong><em>Llerena fue el lugar de nacimiento<\/em><\/strong><\/span><br \/>\n<span style=\"color: #003300;\"><strong><em>del grupo de andariegos esforzados<\/em><\/strong><\/span><br \/>\n<span style=\"color: #003300;\"><strong><em>con oloroso nombre bautizados<\/em><\/strong><\/span><br \/>\n<span style=\"color: #003300;\"><strong><em>de aromas de flor y condimento.<\/em><\/strong><\/span><br \/>\n<span style=\"color: #003300;\"><strong><em>Caminan por dehesas y olivares<\/em><\/strong><\/span><br \/>\n<span style=\"color: #003300;\"><strong><em>y ascienden incansables las pendientes<\/em><\/strong><\/span><br \/>\n<span style=\"color: #003300;\"><strong><em>salvando de los r\u00edos sus corrientes<\/em><\/strong><\/span><br \/>\n<span style=\"color: #003300;\"><strong><em>con r\u00edtmico tes\u00f3n en sus andares.<\/em><\/strong><\/span><br \/>\n<span style=\"color: #003300;\"><strong><em>Con igual entusiasmo hacen la marcha<\/em><\/strong><\/span><br \/>\n<span style=\"color: #003300;\"><strong><em>que preparan las migas con sardinas<\/em><\/strong><\/span><br \/>\n<span style=\"color: #003300;\"><strong><em> o comparten festiva romer\u00eda.<\/em><\/strong><\/span><br \/>\n<span style=\"color: #003300;\"><strong><em>Sin temor a la lluvia o a la escarcha<\/em><\/strong><\/span><br \/>\n<span style=\"color: #003300;\"><strong><em>con Tomillo y Or\u00e9gano caminas<\/em><\/strong><\/span><br \/>\n<span style=\"color: #003300;\"><strong><em>compartiendo amigable compa\u00f1\u00eda.<\/em><\/strong><\/span><\/p>\n","protected":false},"excerpt":{"rendered":"<p>Juan Francisco Caro, desde su blog, dedica unos sonetos a nuestra asociaci\u00f3n ASTOLL (Asociaci\u00f3n Senderista Tomillo y Or\u00e9gano de Llerena) en agradecimiento a la labor cultural, divulgativa y defensora de ca\u00f1adas, cordeles, coladas y resto de v\u00edas pecuarias que realiza. Llerena fue el lugar de nacimiento del grupo de andariegos esforzados con oloroso nombre bautizados [&hellip;]<\/p>\n","protected":false},"author":1,"featured_media":0,"parent":0,"menu_order":0,"comment_status":"open","ping_status":"open","template":"","meta":{"footnotes":""},"class_list":["post-360","page","type-page","status-publish","hentry","post"],"_links":{"self":[{"href":"https:\/\/www.astoll.es\/index.php?rest_route=\/wp\/v2\/pages\/360","targetHints":{"allow":["GET"]}}],"collection":[{"href":"https:\/\/www.astoll.es\/index.php?rest_route=\/wp\/v2\/pages"}],"about":[{"href":"https:\/\/www.astoll.es\/index.php?rest_route=\/wp\/v2\/types\/page"}],"author":[{"embeddable":true,"href":"https:\/\/www.astoll.es\/index.php?rest_route=\/wp\/v2\/users\/1"}],"replies":[{"embeddable":true,"href":"https:\/\/www.astoll.es\/index.php?rest_route=%2Fwp%2Fv2%2Fcomments&post=360"}],"version-history":[{"count":2,"href":"https:\/\/www.astoll.es\/index.php?rest_route=\/wp\/v2\/pages\/360\/revisions"}],"predecessor-version":[{"id":363,"href":"https:\/\/www.astoll.es\/index.php?rest_route=\/wp\/v2\/pages\/360\/revisions\/363"}],"wp:attachment":[{"href":"https:\/\/www.astoll.es\/index.php?rest_route=%2Fwp%2Fv2%2Fmedia&parent=360"}],"curies":[{"name":"wp","href":"https:\/\/api.w.org\/{rel}","templated":true}]}}