{"id":13,"date":"2015-01-18T17:46:57","date_gmt":"2015-01-18T17:46:57","guid":{"rendered":"http:\/\/www.astoll.es\/?page_id=13"},"modified":"2018-03-24T19:10:28","modified_gmt":"2018-03-24T19:10:28","slug":"el-senderismo","status":"publish","type":"page","link":"https:\/\/www.astoll.es\/?page_id=13","title":{"rendered":"Senderismo, senderos y se\u00f1alizaci\u00f3n"},"content":{"rendered":"<div dir=\"ltr\">\n<div class=\"feature\">\n<h6 style=\"text-align: center;\"><i>[Fuente: \u00a9 Manual de Senderismo de la FEDME]<\/i><\/h6>\n<h3 style=\"text-align: justify;\"><a href=\"https:\/\/www.blogger.com\/null\" name=\"1\"><\/a><span style=\"color: #0000ff;\">\u00bfQue es el senderismo?.<\/span><\/h3>\n<div style=\"text-align: justify;\">El senderismo, por el hecho de ser excursionismo, es la forma m\u00e1s genuina de uni\u00f3n del deporte y la cultura. Pero adem\u00e1s de esta simbiosis tan importante entre deporte y cultura, el senderismo es:<\/div>\n<ul style=\"text-align: justify;\">\n<li>Una manera muy pr\u00e1ctica y f\u00e1cil de conocer y amar nuestro pa\u00eds, su historia, sus costumbres, su folklore, su cultura.<\/li>\n<li>Una ayuda a la conservaci\u00f3n y recuperaci\u00f3n de viejos caminos que son una parte importante y olvidada de nuestro patrimonio hist\u00f3rico, art\u00edstico y cultural.<\/li>\n<li>Una actividad deportiva al alcance de todos, que permite mantenerse en forma incluso a les persones de edad avanzada. En la pr\u00e1ctica del senderismo no hay l\u00edmites de edad ni de ninguna clase.<\/li>\n<li>Una fuente de salud. \u00abUn d\u00eda de sendero: una semana de salud\u00bb.<\/li>\n<li>Una actividad de ocio ideal para recuperar la tranquilidad de esp\u00edritu y para recuperarse del estr\u00e9s diario.<\/li>\n<li>La pr\u00e1ctica del senderismo es una actividad que permite la realizaci\u00f3n de vacaciones activas y fines de semana o vacaciones fuera de temporada al alcance de todos.<\/li>\n<li>Un colectivo de entusiastas amantes de la naturaleza y, por tanto, de gente sensibilizada en la conservaci\u00f3n y preservaci\u00f3n del medio ambiente.<\/li>\n<li>Una forma sencilla y pr\u00e1ctica de llevar a los ni\u00f1os y a los j\u00f3venes al monte; especialmente los colectivos escolares tienen en el senderismo un campo magn\u00edfico para complementar sus actividades de estancias en casas de colonias y en campamentos con excursiones que los educadores pueden programar a su conveniencia o posibilidades.<\/li>\n<li>Un movimiento europeo lleno de vigor y con un gran futuro.<\/li>\n<\/ul>\n<h3 style=\"text-align: justify;\"><span style=\"color: #0000ff;\"><a style=\"color: #0000ff;\" href=\"https:\/\/www.blogger.com\/null\" name=\"2\"><\/a>\u00bfQui\u00e9n es un senderista?.<\/span><\/h3>\n<div style=\"text-align: justify;\">El senderista, o practicante del senderismo, es el usuario de la red de senderos europea, la cual le permite efectuar itinerarios, se\u00f1alizados por medio de unas convenciones internacionales que, por lugares especialmente interesantes, enlazan valles, monta\u00f1as e incluso pa\u00edses en toda Europa.<\/div>\n<h3 style=\"text-align: justify;\"><a href=\"https:\/\/www.blogger.com\/null\" name=\"3\"><\/a><span style=\"color: #0000ff;\">\u00bfQu\u00e9 es un sendero?.<\/span><\/h3>\n<div style=\"text-align: justify;\">Un sendero es un itinerario que ha sido dise\u00f1ado de manera que, por caminos, pistas, senderos, etc., buscando los pasos m\u00e1s adecuados, por valles, collados, cordales, etc., se puedan visitar lugares considerados de inter\u00e9s paisaj\u00edstico, cultural, tur\u00edstico, hist\u00f3rico, social, etc<\/div>\n<h3 style=\"text-align: justify;\"><a href=\"https:\/\/www.blogger.com\/null\" name=\"4\"><\/a><span style=\"color: #0000ff;\">Tipos de senderos.<\/span><\/h3>\n<ul style=\"text-align: justify;\">\n<li><b>Senderos de Gran Recorrido (GR) <\/b>(de m\u00e1s de 50 km.) (se\u00f1alizaci\u00f3n en color blanco y rojo)<\/li>\n<li><b>Senderos de Peque\u00f1o Recorrido (PR)<\/b> (entre 10 y 50 km.) (se\u00f1alizaci\u00f3n en color blanco y amarillo)<\/li>\n<li><b>Senderos Locales (menos de 10 km.)<\/b> (se\u00f1alizaci\u00f3n en color blanco y verde)<\/li>\n<li><b>Senderos Urbanos<\/b> (circunscritos a un \u00e1mbito urbano) (se\u00f1alizaci\u00f3n en color amarillo y rojo)<\/li>\n<li>Tambi\u00e9n hay <b>VARIANTES<\/b>, las cuales se inician en un punto de un sendero y vuelven a \u00e9l en otro punto constituyendo alternativas al itinerario principal Los senderos pueden ser lineales o circulares.<\/li>\n<\/ul>\n<h3 style=\"text-align: justify;\"><a href=\"https:\/\/www.blogger.com\/null\" name=\"5\"><\/a><span style=\"color: #0000ff;\">\u00bfComo se crea un sendero?.<\/span><\/h3>\n<div style=\"text-align: justify;\">Una vez dise\u00f1ado y definido el itinerario que se quiere seguir, se ha de presentar una propuesta a la Federaci\u00f3n Territorial de Monta\u00f1a de la Comunidad correspondiente. En la propuesta tiene que figurar:<\/div>\n<ul style=\"text-align: justify;\">\n<li>La justificaci\u00f3n del sendero (que motivos, que inter\u00e9s hay para su realizaci\u00f3n, etc.).<\/li>\n<li>El itinerario con los puntos m\u00e1s significativos.<\/li>\n<li>Los servicios (hostales, refugios, albergues, etc.) que hay en el recorrido.<\/li>\n<li>La previsi\u00f3n de la longitud total del sendero y del tiempo necesario para su realizaci\u00f3n.<\/li>\n<li>Hay que indicar qui\u00e9n se encargar\u00e1 de su realizaci\u00f3n y de su mantenimiento.<\/li>\n<li>Hay que indicar que tipo de publicaci\u00f3n se piensa realizar.<\/li>\n<li>Hay que adjuntar una fotocopia del tramo del mapa comarcal correspondiente del ICC 1:50.000 con el recorrido dibujado.<\/li>\n<li>Hay que adjuntar un perfil de desniveles.<\/li>\n<li>Hay que adjuntar una solicitud dirigida al Comit\u00e9 de Sendero de la Federaci\u00f3n de que se trate pidiendo que la propuesta sea aceptada y que se le d\u00e9 el n\u00famero de registro correspondiente.<\/li>\n<li>Hay que indicar un nombre y tel\u00e9fono de contacto.<\/li>\n<li>Cuando la Federaci\u00f3n haya aceptado la propuesta se podr\u00e1 proceder a efectuar la se\u00f1alizaci\u00f3n por medio de las marcas de pintura establecidas y por medio de postes indicadores si es necesario.<\/li>\n<\/ul>\n<div style=\"text-align: justify;\">Despu\u00e9s de la se\u00f1alizaci\u00f3n se efectuar\u00e1 la descripci\u00f3n del itinerario, la topograf\u00eda, el cronometraje y la medici\u00f3n. Una vez verificado el trabajo efectuado, la Federaci\u00f3n que corresponda lo homologa y lo pone a disposici\u00f3n del usuario en general.<\/div>\n<div style=\"text-align: justify;\"><\/div>\n<div style=\"text-align: justify;\">La publicaci\u00f3n de la gu\u00eda correspondiente es un elemento importante que permite disponer de la informaci\u00f3n necesaria para poder transitar por el sendero. La publicaci\u00f3n de la gu\u00eda de un PR puede ser realizada directamente por quien propone el sendero.<\/div>\n<h3 style=\"text-align: justify;\"><span style=\"color: #0000ff;\"><a style=\"color: #0000ff;\" href=\"https:\/\/www.blogger.com\/null\" name=\"6\"><\/a>\u00bfC\u00f3mo es la organizaci\u00f3n de los senderos en el estado espa\u00f1ol?.<\/span><\/h3>\n<div style=\"text-align: justify;\">Las competencias sobre los senderos y el senderismo se distribuyen en tres niveles:<\/div>\n<div style=\"text-align: justify;\">\n<blockquote><p><span style=\"color: #ff0000;\"><i><b>1.- Federaci\u00f3n Espa\u00f1ola de Deportes de Monta\u00f1a y Escalada.<\/b><\/i><\/span><\/p><\/blockquote>\n<\/div>\n<ul style=\"text-align: justify;\">\n<li>La responsabilidad general sobre los GR e itinerarios Europeos (E) en los aspectos de la coordinaci\u00f3n internacional e interauton\u00f3mica, y la acci\u00f3n subsidiaria de las federaciones territoriales y auton\u00f3micas, sobre la base del escrupuloso respeto a lo indicado en las normativas auton\u00f3micas que regulasen este aspecto.<\/li>\n<li>Generaci\u00f3n de un Plan Director de senderos, de periodicidad cuatrienal.<\/li>\n<li>Creaci\u00f3n y gesti\u00f3n de un Registro General de Senderos de Gran Recorrido, Gu\u00eda de Senderos y Manual de Senderismo.<\/li>\n<li>Representaci\u00f3n en la ERA de aquellas federaciones territoriales que no sean miembros de pleno derecho.<\/li>\n<li>Impulso y generaci\u00f3n de tratados internacionales (cuando proceda), divulgar y fomentar las directivas comunitarias cuando conciernan y proposici\u00f3n a los organismos comunitarios de planes nacionales o auton\u00f3micos sobre senderismo.<\/li>\n<li>Organizaci\u00f3n de reuniones a nivel general, con car\u00e1cter ordinario o extraordinario.<\/li>\n<li>Relaciones con el Consejo Superior de Deportes y otros organismos estatales.<\/li>\n<li>Llevar a cabo el registro de marcas, con iniciativa jur\u00eddica ante el uso indebido de las mismas.<\/li>\n<li>Capacidad de formaci\u00f3n.<\/li>\n<\/ul>\n<div style=\"text-align: justify;\">\n<blockquote><p><span style=\"color: #ff0000;\"><i><b> 2. &#8211; Federaciones Territoriales y Auton\u00f3micas.<\/b><\/i><\/span><\/p><\/blockquote>\n<\/div>\n<ul style=\"text-align: justify;\">\n<li>La planificaci\u00f3n, coordinaci\u00f3n, ejecuci\u00f3n, mantenimiento, informaci\u00f3n, fomento sobre GR, PR, IE, SL y SU que se desarrollen en su territorio.<\/li>\n<li>Homologaci\u00f3n de todo tipo de senderos en su \u00e1mbito territorial.<\/li>\n<li>Asesoramiento t\u00e9cnico a entes privados o p\u00fablicos interesados en el senderismo.<\/li>\n<li>Registro de senderos y plan director auton\u00f3mico.<\/li>\n<li>B\u00fasqueda de fondos para proyectos desarrollados en su territorio, sin perjuicio de financiaciones estatales o comunitarias.<\/li>\n<li>Establecimiento de criterios particulares, en ning\u00fan caso incoherentes con los del Plan Director, expresados en este manual, ni con aquellos que se acuerden en reuniones del Comit\u00e9 Estatal de Senderos.<\/li>\n<li>Llevar el Registro de Senderos de su territorio, con inclusi\u00f3n de GR e IE de la comunidad tal como aparezcan en el Registro General de Senderos, y de los PR de la comunidad, buscando la mayor homogeneidad.<\/li>\n<li>Capacidad de relaci\u00f3n con entidades de igual nivel dentro del territorio espa\u00f1ol y de asociaci\u00f3n a la E.R.A.<\/li>\n<li>La formaci\u00f3n continua que fuera necesario.<\/li>\n<li>Capacidad de delegar competencias en entes territoriales menores.<\/li>\n<\/ul>\n<div style=\"text-align: justify;\">\n<blockquote><p><span style=\"color: #ff0000;\"><b><i>3.- Estructura local: provincial, comarcal, municipal, qui\u00f1\u00f3n, comunal, etc.<\/i><\/b><\/span><\/p><\/blockquote>\n<\/div>\n<ul style=\"text-align: justify;\">\n<li>Todas aquellas que sean delegadas por la auton\u00f3mica correspondiente.<\/li>\n<li>Colaborar en el desarrollo del senderismo en el territorio de su competencia.<\/li>\n<\/ul>\n<h3 style=\"text-align: justify;\"><span style=\"color: #0000ff;\"><a style=\"color: #0000ff;\" href=\"https:\/\/www.blogger.com\/null\" name=\"7\"><\/a>Se\u00f1alizaci\u00f3n<\/span>.<\/h3>\n<p><a href=\"http:\/\/www.astoll.es\/wp-content\/uploads\/2018\/03\/Senalizacion.jpg\"><img loading=\"lazy\" decoding=\"async\" class=\"aligncenter wp-image-1951\" src=\"http:\/\/www.astoll.es\/wp-content\/uploads\/2018\/03\/Senalizacion-1024x743.jpg\" alt=\"\" width=\"716\" height=\"520\" srcset=\"https:\/\/www.astoll.es\/wp-content\/uploads\/2018\/03\/Senalizacion-1024x743.jpg 1024w, https:\/\/www.astoll.es\/wp-content\/uploads\/2018\/03\/Senalizacion-300x218.jpg 300w, https:\/\/www.astoll.es\/wp-content\/uploads\/2018\/03\/Senalizacion-768x558.jpg 768w, https:\/\/www.astoll.es\/wp-content\/uploads\/2018\/03\/Senalizacion.jpg 1124w\" sizes=\"auto, (max-width: 716px) 100vw, 716px\" \/><\/a>Las se\u00f1ales b\u00e1sicas son tres:<\/p>\n<ol style=\"text-align: justify;\">\n<li><span style=\"color: #ff0000;\"><b> Se\u00f1al de continuidad.<\/b><\/span>\n<ul>\n<li>Constituida por dos rect\u00e1ngulos paralelos en disposici\u00f3n preferentemente horizontal; las dimensiones de cada uno de los rect\u00e1ngulos es de 10 a 20 cm. de largo y de 3 a 5 cm. de altura, apareciendo separados por un espacio de 1 a 2 cm.<\/li>\n<li>El rect\u00e1ngulo superior est\u00e1 siempre pintado de blanco y el inferior de color rojo (utilizar el tono m\u00e1s brillante y visible posible) para las GR o amarillo (utilizar el tono m\u00e1s brillante y visible posible) para las PR o verde (utilizar el tono m\u00e1s brillante y visible posible) para los SL.<\/li>\n<\/ul>\n<\/li>\n<li><span style=\"color: #ff0000;\"><b> Se\u00f1al de cambio brusco de direcci\u00f3n<\/b><\/span>. Se pueden dar dos tipos:\n<ul>\n<li>Par de trazos en disposici\u00f3n angular respeto a una se\u00f1al de continuidad (bien sea a la derecha o a la izquierda, seg\u00fan el cambio). El trazo blanco siempre se sit\u00faa sobre el de color. Dimensiones y colores ser\u00e1n los descritos anteriormente.<\/li>\n<li>Se\u00f1al de continuidad en disposici\u00f3n y colores ya descritos, pero en el que el trazo que corresponda, seg\u00fan la direcci\u00f3n de giro, hace un \u00e1ngulo de 90\u00ba.<\/li>\n<\/ul>\n<\/li>\n<li><span style=\"color: #ff0000;\"><b>Se\u00f1al de direcci\u00f3n equivocada.<\/b><\/span>\n<ul>\n<li>Composici\u00f3n en aspa de dos trazos de 15 cm. de desarrollo y 3 cm. de grosor; el trazo inferior ser\u00e1 siempre el de color y el superior el blanco.<\/li>\n<\/ul>\n<\/li>\n<li><span style=\"color: #ff0000;\"><b>Se\u00f1alizaci\u00f3n de senderos coincidentes.<\/b><\/span>\n<ul>\n<li>La constituci\u00f3n de redes de senderos que cumplen objetivos distintos sobre el territorio puede llevar a la coincidencia parcial en el recorrido de dos (o m\u00e1s) senderos de distinto rango. En este caso, y con el objetivo de economizar marcas, el trazado conjunto s\u00f3lo se marcar\u00e1 con las del sendero de jerarqu\u00eda superior (enti\u00e9ndase como tal, la de los GR sobre los PR, y la de este sobre los SL).<\/li>\n<\/ul>\n<\/li>\n<\/ol>\n<div style=\"text-align: justify;\"><b> <a href=\"https:\/\/www.blogger.com\/null\" name=\"8\"><\/a><span style=\"color: #008000;\"><span style=\"text-decoration: underline;\">LAS SE\u00d1ALES DE LOS SENDEROS GR, PR y SL EST\u00c1N PROTEGIDAS POR EL REGISTRO DE PATENTES Y MARCAS. SU USO DEBER\u00c1 SER AUTORIZADO POR LA FEDME O SUBSIDIARIAMENTE POR LAS FEDERACIONES AUTON\u00d3MICAS<\/span>.<\/span><\/b><\/div>\n<div style=\"text-align: justify;\">Se deber\u00e1 de acompa\u00f1ar esta circunstancia con las siguientes acciones:<\/div>\n<ul style=\"text-align: justify;\">\n<li>Se ubicar\u00e1n postes direccionales en los puntos de uni\u00f3n y de divisi\u00f3n de los senderos coincidentes informando sobre esta particularidad.<\/li>\n<li>Al comienzo de la coincidencia de los recorridos de dos o m\u00e1s senderos deber\u00e1n ponerse dos marcas de confirmaci\u00f3n donde adem\u00e1s de la se\u00f1alizaci\u00f3n del sendero de mayor rango se a\u00f1adir\u00e1 la del de rango inferior.<\/li>\n<li>Igualmente se proceder\u00e1, como forma de aviso, a a\u00f1adir el color del sendero de menor rango en las dos marcar anteriores a la separaci\u00f3n de los mismos.<\/li>\n<li>En aquellos elementos que tengan informaci\u00f3n gr\u00e1fica o escrita, en el fragmento donde se produzca la coincidencia, deber\u00e1 aparecer la rese\u00f1a tanto del sendero de superior como del de inferior jerarqu\u00eda.<\/li>\n<li>Nota<br \/>\nLas dimensiones de las marcas son recomendaciones de los que se puede salir excepcionalmente cuando ciertos soportes o necesidades as\u00ed lo requieran.<\/li>\n<\/ul>\n<h3 style=\"text-align: justify;\"><a href=\"https:\/\/www.blogger.com\/null\" name=\"9\"><\/a><span style=\"color: #0000ff;\">Elementos que son necesarios conocer para crear un sendero.<\/span><\/h3>\n<ul style=\"text-align: justify;\">\n<li>Normativa existente de senderos.<\/li>\n<li>Conocimiento del Plan Director de Senderos estatal y auton\u00f3micos, y otros documentos de esta \u00edndole que puedan existir.<\/li>\n<li>Este manual.<\/li>\n<li>Titularidad de los senderos.<\/li>\n<li>Los planes especiales de cada zona (PRUG, PORN, Plan de Espacios Protegidos, etc &#8230;) as\u00ed como las normativas auton\u00f3micas que regulen la actividad senderista, turismo activo u otras.<\/li>\n<li>Normativas municipales.<\/li>\n<\/ul>\n<h3 style=\"text-align: justify;\"><a href=\"https:\/\/www.blogger.com\/null\" name=\"10\"><\/a><span style=\"color: #0000ff;\">Criterios m\u00ednimos para la elaboraci\u00f3n de un proyecto.<\/span><\/h3>\n<div style=\"text-align: justify;\">Investigaci\u00f3n del itinerario sobre mapas, bibliograf\u00eda, archivos, etc.<\/div>\n<ul style=\"text-align: justify;\">\n<li>Cartograf\u00eda m\u00ednima en 1:50.000; se recomienda usar escalas m\u00e1s grandes.<\/li>\n<li>Uso de la cartograf\u00eda m\u00e1s antigua (ediciones del Instituto Geogr\u00e1fico Nacional de los a\u00f1os 50 o similar) para determinar la red de caminos tradicionales que no aparezcan en los nuevos o se\u00f1alar desapariciones irreversibles de los mismos por diferentes motivos (pantanos, concentraciones parcelarias, etc.).<\/li>\n<li>Realizaci\u00f3n de cortes topogr\u00e1ficos o perfiles para conocer la adecuaci\u00f3n f\u00edsica del camino.<\/li>\n<li>Recogida de bibliograf\u00eda sobre elementos de inter\u00e9s que motivan la creaci\u00f3n del recorrido.<\/li>\n<li>Recogida de informaci\u00f3n sobre los servicios existentes en la zona.<\/li>\n<\/ul>\n<div style=\"text-align: justify;\">Trabajo de campo<\/div>\n<ul style=\"text-align: justify;\">\n<li>Divulgaci\u00f3n del proyecto en la zona donde se vaya a realizar.<\/li>\n<li>Reconocimiento sobre el terreno y valoraci\u00f3n de la posibilidad real de su realizaci\u00f3n<\/li>\n<li>Encuesta oral sobre el camino y su circunstancia: recogida de microtoponimia, tradiciones, trazados reales y posibles alternativas, elementos culturales concretos, etc.<\/li>\n<li>Recoger los permisos p\u00fablicos y privados que correspondan.<\/li>\n<li>Inventario de trabajos a realizar.<\/li>\n<\/ul>\n<div style=\"text-align: justify;\">Elaboraci\u00f3n del proyecto en s\u00ed, que ha de contar con:<\/div>\n<ul style=\"text-align: justify;\">\n<li>Contraste de las informaciones y materiales, con la bibliograf\u00eda y legislaci\u00f3n.<\/li>\n<li>Presupuesto, plazos de ejecuci\u00f3n y equipo de trabajo necesario para llevarlo a cabo.<\/li>\n<li>Se\u00f1alar el promotor, su inter\u00e9s concreto en la creaci\u00f3n del sendero y su compromiso de mantenimiento (sobre todo en temas de seguridad).<\/li>\n<li>Servicios existentes y a desarrollar.<\/li>\n<li>Motivos que generan el proyecto, objetivos, origen de la idea, conexi\u00f3n con la red de senderos existente, compatibilidad con los proyectos de desarrollo que existan.<\/li>\n<li>Caracter\u00edsticas t\u00e9cnicas de la se\u00f1alizaci\u00f3n.<\/li>\n<li>Plasmaci\u00f3n cartogr\u00e1fica.<\/li>\n<li>Dise\u00f1o del soporte documental necesario para la divulgaci\u00f3n: folletos, topogu\u00edas, etc.<\/li>\n<\/ul>\n<h3 style=\"text-align: justify;\"><a href=\"https:\/\/www.blogger.com\/null\" name=\"12\"><\/a><span style=\"color: #0000ff;\">Homologaci\u00f3n de senderos.<\/span><\/h3>\n<div style=\"text-align: justify;\">Los criterios de homologaci\u00f3n se basar\u00e1n en lo expresado en este Manual de Senderismo, los Planes Directores estatales o auton\u00f3micos y aquellos que se desarrollen a tal fin, bien por las administraciones como por las federaciones.<\/div>\n<div style=\"text-align: justify;\">Se define la homologaci\u00f3n como el documento t\u00e9cnico expedido por la federaci\u00f3n territorial correspondiente, en el que se dictamina sobre la idoneidad o no de un proyecto sobre senderos y que da lugar a la preceptiva autorizaci\u00f3n administrativa. Se recomienda que la homologaci\u00f3n sea elemento necesario para la dicha autorizaci\u00f3n. Se conciben tres momentos en los que las federaciones territoriales pueden ejercer la acci\u00f3n sobre el proyecto de senderos, tendentes a la homologaci\u00f3n del mismo:<\/div>\n<ol style=\"text-align: justify;\">\n<li>Presentaci\u00f3n inicial de la idea. Con una formulaci\u00f3n m\u00e1xima en cinco p\u00e1ginas a tama\u00f1o DIN A4, que informar\u00e1n sobre la motivaci\u00f3n de los senderos, el promotor, las caracter\u00edsticas b\u00e1sicas (longitud, desnivel, tipo de plataforma, etc.) y un mapa 1:50.000. La federaci\u00f3n correspondiente informar\u00e1 sobre la generalidad del proyecto (haciendo las indicaciones sobre restricciones de paso sobre espacios protegidos, condiciones de densidad de senderos en la zona, coherencia con el sistema general, y otras que proceda).<\/li>\n<li>Presentaci\u00f3n del proyecto, antes de la ejecuci\u00f3n del mismo. Se requerir\u00e1 la presentaci\u00f3n del proyecto completo, seg\u00fan se describe en este manual y otros documentos que puedan existir. La federaci\u00f3n emitir\u00e1 un informe sobre el conjunto y sobre cada uno de los senderos que se presenten; las indicaciones que se hagan en este documento se considerar\u00e1n imperativas. Se pueden establecer unas tasas por el ejercicio de este control.<\/li>\n<li>Una vez realizado el sendero, la federaci\u00f3n correspondiente emitir\u00e1 el documento definitivo de homologaci\u00f3n, siendo recomendable la revisi\u00f3n \u00abin situ\u00bb de la adecuaci\u00f3n entre proyecto y realidad. Para este menester se pueden requerir las compensaciones econ\u00f3micas que correspondan. Para estos tres momentos en los que el ente federativo puede intervenir en la elaboraci\u00f3n de un sendero habr\u00e1 de intervenir una persona en posesi\u00f3n del \u00abT\u00edtulo de T\u00e9cnico en Ejecuci\u00f3n de Senderos\u00bb expedido por la F.E.D.M.E. En caso de que alguna federaci\u00f3n no cuente con alguno, deber\u00e1 ser un t\u00e9cnico federativo habilitado expresamente al efecto por la Federaci\u00f3n de Monta\u00f1ismo auton\u00f3mica o territorial correspondiente.<\/li>\n<\/ol>\n<h3 style=\"text-align: justify;\"><a href=\"https:\/\/www.blogger.com\/null\" name=\"13\"><\/a><span style=\"color: #0000ff;\">Plan Director estatal de senderismo (PDES).<\/span><\/h3>\n<div style=\"text-align: justify;\">El Plan Director Estatal de Senderismo (a partir de ahora PDES) es el documento program\u00e1tico de la F.E.D.M.E. sobre el senderismo. Emitido por la misma, aparecer\u00e1 el a\u00f1o siguiente al de celebraci\u00f3n de elecciones y tendr\u00e1 una vigencia de cuatro a\u00f1os. La base del mismo son las aportaciones de las federaciones territoriales, a las que se a\u00f1aden directrices generales de coordinaci\u00f3n, etc.<\/div>\n<div style=\"text-align: justify;\"><b><span style=\"color: #ff0000;\"> Justificaci\u00f3n<\/span>.<\/b><\/div>\n<div style=\"text-align: justify;\">La necesidad del PDES est\u00e1 en funci\u00f3n de reflejar una informaci\u00f3n real sobre una realidad que avanza muy r\u00e1pidamente, constituy\u00e9ndose en \u00fatil de trabajo para cualquiera que quiera actuar en el mundo del senderismo.<\/div>\n<div style=\"text-align: justify;\"><b><span style=\"color: #ff0000;\"> Contenidos<\/span>. <\/b><\/div>\n<div style=\"text-align: justify;\">El contenido b\u00e1sico del PDES son los planes directores elaborados por las territoriales y la enunciaci\u00f3n de prioridades para el cuatrienio (bien sea en el aspecto de se\u00f1alizaci\u00f3n de rutas, fomento de la actividad del senderismo, regulaci\u00f3n de un aspecto novedoso, etc.). En funci\u00f3n de esto aparecer\u00e1 un reflejo de GR, PR, IE, SL y SU de todo el estado espa\u00f1ol, con las previsiones de apertura de nuevos itinerarios de senderismo en el periodo. Tambi\u00e9n pueden aparecer acciones o actuaciones significativas dentro del entorno del senderismo, fuera de la creaci\u00f3n y balizaje de recorridos; \u00edtem m\u00e1s, normativas de usos para casos especiales. Servir\u00e1 tambi\u00e9n para dar car\u00e1cter oficial a cambios puntuales en el Manual de Senderismo, evitando sucesivas revisiones generales del mismo. Y tambi\u00e9n para enunciar los objetivos concretos de la FEDME.<\/div>\n<div style=\"text-align: justify;\"><b><span style=\"color: #ff0000;\"> Objetivos<\/span>.<\/b><\/div>\n<ul>\n<li style=\"text-align: justify;\">El objetivo es mantener informado a la comunidad senderista en general y a los organismos p\u00fablicos y privados que puedan estar interesado en \u00e9l.<\/li>\n<li style=\"text-align: justify;\">Partiendo de que el desarrollo del senderismo es de car\u00e1cter auton\u00f3mico, el PDES se constituye en el instrumento para conseguir la coherencia de la red de senderos en todo el territorio estatal y fomentar un desarrollo arm\u00f3nico de los mismos.<\/li>\n<li style=\"text-align: justify;\">Tambi\u00e9n ser\u00e1 el documento que sirva para actuar ante la administraci\u00f3n central del estado espa\u00f1ol y, en su caso, ante la europea.<\/li>\n<li style=\"text-align: justify;\">Incentivar el desarrollo arm\u00f3nico del senderismo, coherente con los compromisos auton\u00f3micos e internacionales.<\/li>\n<li style=\"text-align: justify;\">Determinar las acciones de la FEDME ante la administraci\u00f3n auton\u00f3mica.<\/li>\n<li style=\"text-align: justify;\">Incluir el Registro General de Senderos y la Gu\u00eda de Senderos del a\u00f1o en curso, m\u00e1s aquellos documentos oficiales que se estimen oportunos.<\/li>\n<\/ul>\n<\/div>\n<\/div>\n","protected":false},"excerpt":{"rendered":"<p>[Fuente: \u00a9 Manual de Senderismo de la FEDME] \u00bfQue es el senderismo?. El senderismo, por el hecho de ser excursionismo, es la forma m\u00e1s genuina de uni\u00f3n del deporte y la cultura. Pero adem\u00e1s de esta simbiosis tan importante entre deporte y cultura, el senderismo es: Una manera muy pr\u00e1ctica y f\u00e1cil de conocer y [&hellip;]<\/p>\n","protected":false},"author":1,"featured_media":0,"parent":0,"menu_order":0,"comment_status":"open","ping_status":"open","template":"","meta":{"footnotes":""},"class_list":["post-13","page","type-page","status-publish","hentry","post"],"_links":{"self":[{"href":"https:\/\/www.astoll.es\/index.php?rest_route=\/wp\/v2\/pages\/13","targetHints":{"allow":["GET"]}}],"collection":[{"href":"https:\/\/www.astoll.es\/index.php?rest_route=\/wp\/v2\/pages"}],"about":[{"href":"https:\/\/www.astoll.es\/index.php?rest_route=\/wp\/v2\/types\/page"}],"author":[{"embeddable":true,"href":"https:\/\/www.astoll.es\/index.php?rest_route=\/wp\/v2\/users\/1"}],"replies":[{"embeddable":true,"href":"https:\/\/www.astoll.es\/index.php?rest_route=%2Fwp%2Fv2%2Fcomments&post=13"}],"version-history":[{"count":7,"href":"https:\/\/www.astoll.es\/index.php?rest_route=\/wp\/v2\/pages\/13\/revisions"}],"predecessor-version":[{"id":1954,"href":"https:\/\/www.astoll.es\/index.php?rest_route=\/wp\/v2\/pages\/13\/revisions\/1954"}],"wp:attachment":[{"href":"https:\/\/www.astoll.es\/index.php?rest_route=%2Fwp%2Fv2%2Fmedia&parent=13"}],"curies":[{"name":"wp","href":"https:\/\/api.w.org\/{rel}","templated":true}]}}